{"id":1741,"date":"2025-02-17T11:54:02","date_gmt":"2025-02-17T11:54:02","guid":{"rendered":"https:\/\/www.carrytableware.com\/fr\/?post_type=product&#038;p=1741"},"modified":"2025-03-18T08:45:35","modified_gmt":"2025-03-18T08:45:35","slug":"wood-cocktail-picks","status":"publish","type":"product","link":"https:\/\/www.carrytableware.com\/fr\/blog\/product\/wood-cocktail-picks\/","title":{"rendered":"Pics \u00e0 cocktail en bois"},"content":{"rendered":"<p>Pic \u00e0 cocktail en bois<br \/>\nUtilisation : Maison, pub, restaurant, \u00e9picerie fine, h\u00f4tel<br \/>\nMat\u00e9riau : Bois<br \/>\nCouleur : Naturel<br \/>\nDimensions : 2 x 65 mm, 2 x 100 mm<br \/>\nEmballage : Vrac\/Carton<br \/>\nCaract\u00e9ristiques : \u00c9cologique, compostable<br \/>\nPoids selon la taille<br \/>\nOEM\/ODM disponible<br \/>\nQuantit\u00e9 minimale de commande : 100\u00a0000 pi\u00e8ces<br \/>\nD\u00e9lai de livraison : 30 \u00e0 40 jours<br \/>\nConseils : Usage unique, 100 % \u00e9cologique et biod\u00e9gradable.<\/p>\n","protected":false},"excerpt":{"rendered":"<p>Pic \u00e0 cocktail en bois Utilisation : Maison, pub, restaurant, \u00e9picerie fine, h\u00f4tel Mat\u00e9riau : Bois Couleur : Naturel Dimensions : 2 x 65 mm, 2 x 100 mm Emballage : Vrac\/Carton Caract\u00e9ristiques : \u00c9cologique, compostable Poids selon la taille OEM\/ODM disponible Quantit\u00e9 minimale de commande : 100\u00a0000 pi\u00e8ces D\u00e9lai de livraison : 30 \u00e0 [&hellip;]<\/p>\n","protected":false},"featured_media":2014,"template":"","meta":{"_acf_changed":false},"product-category":[33],"class_list":["post-1741","product","type-product","status-publish","has-post-thumbnail","hentry","product-category-autre-bois"],"acf":[],"_links":{"self":[{"href":"https:\/\/www.carrytableware.com\/fr\/wp-json\/wp\/v2\/product\/1741","targetHints":{"allow":["GET"]}}],"collection":[{"href":"https:\/\/www.carrytableware.com\/fr\/wp-json\/wp\/v2\/product"}],"about":[{"href":"https:\/\/www.carrytableware.com\/fr\/wp-json\/wp\/v2\/types\/product"}],"wp:featuredmedia":[{"embeddable":true,"href":"https:\/\/www.carrytableware.com\/fr\/wp-json\/wp\/v2\/media\/2014"}],"wp:attachment":[{"href":"https:\/\/www.carrytableware.com\/fr\/wp-json\/wp\/v2\/media?parent=1741"}],"wp:term":[{"taxonomy":"product-category","embeddable":true,"href":"https:\/\/www.carrytableware.com\/fr\/wp-json\/wp\/v2\/product-category?post=1741"}],"curies":[{"name":"wp","href":"https:\/\/api.w.org\/{rel}","templated":true}]}}