{"id":1745,"date":"2025-02-17T11:55:19","date_gmt":"2025-02-17T11:55:19","guid":{"rendered":"https:\/\/www.carrytableware.com\/fr\/?post_type=product&#038;p=1745"},"modified":"2025-03-18T08:44:45","modified_gmt":"2025-03-18T08:44:45","slug":"wooden-tongue-depressors","status":"publish","type":"product","link":"https:\/\/www.carrytableware.com\/fr\/blog\/product\/wooden-tongue-depressors\/","title":{"rendered":"Abaisse-langues en bois"},"content":{"rendered":"<p>Abaisse-langue en bois<br \/>\nMat\u00e9riau : Bois<br \/>\nCouleur : Naturel<br \/>\nDimensions : 1,8 x 14 x 140 mm, 1,6 x 17 x 150 mm ou sur mesure<br \/>\nEmballage : Vrac, OPP, papier<br \/>\nCaract\u00e9ristiques : \u00c9cologique, compostable<br \/>\nPoids selon la taille<br \/>\nOEM\/ODM disponible<br \/>\nQuantit\u00e9 minimale de commande : 100\u00a0000 pi\u00e8ces<br \/>\nD\u00e9lai de livraison : 30 \u00e0 40 jours<br \/>\nConseils : Usage unique, 100 % \u00e9cologique et biod\u00e9gradable.<br \/>\nUtilisation polyvalente : Pour abaisser la langue et permettre l&rsquo;examen de la bouche et de la gorge. Peut \u00e9galement \u00eatre utilis\u00e9 pour les loisirs cr\u00e9atifs, l&rsquo;\u00e9talement de cr\u00e8mes et de cires, et pour m\u00e9langer des solutions.<\/p>\n","protected":false},"excerpt":{"rendered":"<p>Abaisse-langue en bois Mat\u00e9riau : Bois Couleur : Naturel Dimensions : 1,8 x 14 x 140 mm, 1,6 x 17 x 150 mm ou sur mesure Emballage : Vrac, OPP, papier Caract\u00e9ristiques : \u00c9cologique, compostable Poids selon la taille OEM\/ODM disponible Quantit\u00e9 minimale de commande : 100\u00a0000 pi\u00e8ces D\u00e9lai de livraison : 30 \u00e0 40 [&hellip;]<\/p>\n","protected":false},"featured_media":2009,"template":"","meta":{"_acf_changed":false},"product-category":[33],"class_list":["post-1745","product","type-product","status-publish","has-post-thumbnail","hentry","product-category-autre-bois"],"acf":[],"_links":{"self":[{"href":"https:\/\/www.carrytableware.com\/fr\/wp-json\/wp\/v2\/product\/1745","targetHints":{"allow":["GET"]}}],"collection":[{"href":"https:\/\/www.carrytableware.com\/fr\/wp-json\/wp\/v2\/product"}],"about":[{"href":"https:\/\/www.carrytableware.com\/fr\/wp-json\/wp\/v2\/types\/product"}],"wp:featuredmedia":[{"embeddable":true,"href":"https:\/\/www.carrytableware.com\/fr\/wp-json\/wp\/v2\/media\/2009"}],"wp:attachment":[{"href":"https:\/\/www.carrytableware.com\/fr\/wp-json\/wp\/v2\/media?parent=1745"}],"wp:term":[{"taxonomy":"product-category","embeddable":true,"href":"https:\/\/www.carrytableware.com\/fr\/wp-json\/wp\/v2\/product-category?post=1745"}],"curies":[{"name":"wp","href":"https:\/\/api.w.org\/{rel}","templated":true}]}}