{"id":1748,"date":"2025-02-17T11:56:59","date_gmt":"2025-02-17T11:56:59","guid":{"rendered":"https:\/\/www.carrytableware.com\/fr\/?post_type=product&#038;p=1748"},"modified":"2025-03-18T08:44:02","modified_gmt":"2025-03-18T08:44:02","slug":"wooden-colored-sticks","status":"publish","type":"product","link":"https:\/\/www.carrytableware.com\/fr\/blog\/product\/wooden-colored-sticks\/","title":{"rendered":"B\u00e2tons de bois color\u00e9s"},"content":{"rendered":"<p>B\u00e2tonnets color\u00e9s en bois<br \/>\nMat\u00e9riau : bois<br \/>\nCouleur : multicolore<br \/>\nDimensions : 1,6 x 17 x 150 mm, 2 x 10 x 114 mm ou sur mesure<br \/>\nEmballage : vrac\/OPP<br \/>\nCaract\u00e9ristiques : \u00e9cologique, compostable<br \/>\nPoids selon la taille<br \/>\nOEM\/ODM disponible<br \/>\nQuantit\u00e9 minimale de commande : 100\u00a0000 pi\u00e8ces<br \/>\nD\u00e9lai de livraison : 30 \u00e0 40 jours<br \/>\nConseils : \u00e0 usage unique, 100 % \u00e9cologique et biod\u00e9gradable.<br \/>\nUtilisation : id\u00e9al pour les projets scolaires, les projets de construction, les loisirs cr\u00e9atifs, les f\u00eates d&rsquo;anniversaire et la d\u00e9coration int\u00e9rieure. Superbes designs, id\u00e9al pour m\u00e9langer<\/p>\n","protected":false},"excerpt":{"rendered":"<p>B\u00e2tonnets color\u00e9s en bois Mat\u00e9riau : bois Couleur : multicolore Dimensions : 1,6 x 17 x 150 mm, 2 x 10 x 114 mm ou sur mesure Emballage : vrac\/OPP Caract\u00e9ristiques : \u00e9cologique, compostable Poids selon la taille OEM\/ODM disponible Quantit\u00e9 minimale de commande : 100\u00a0000 pi\u00e8ces D\u00e9lai de livraison : 30 \u00e0 40 jours [&hellip;]<\/p>\n","protected":false},"featured_media":2007,"template":"","meta":{"_acf_changed":false},"product-category":[33],"class_list":["post-1748","product","type-product","status-publish","has-post-thumbnail","hentry","product-category-autre-bois"],"acf":[],"_links":{"self":[{"href":"https:\/\/www.carrytableware.com\/fr\/wp-json\/wp\/v2\/product\/1748","targetHints":{"allow":["GET"]}}],"collection":[{"href":"https:\/\/www.carrytableware.com\/fr\/wp-json\/wp\/v2\/product"}],"about":[{"href":"https:\/\/www.carrytableware.com\/fr\/wp-json\/wp\/v2\/types\/product"}],"wp:featuredmedia":[{"embeddable":true,"href":"https:\/\/www.carrytableware.com\/fr\/wp-json\/wp\/v2\/media\/2007"}],"wp:attachment":[{"href":"https:\/\/www.carrytableware.com\/fr\/wp-json\/wp\/v2\/media?parent=1748"}],"wp:term":[{"taxonomy":"product-category","embeddable":true,"href":"https:\/\/www.carrytableware.com\/fr\/wp-json\/wp\/v2\/product-category?post=1748"}],"curies":[{"name":"wp","href":"https:\/\/api.w.org\/{rel}","templated":true}]}}