{"id":1752,"date":"2025-02-17T11:58:50","date_gmt":"2025-02-17T11:58:50","guid":{"rendered":"https:\/\/www.carrytableware.com\/fr\/?post_type=product&#038;p=1752"},"modified":"2025-03-18T08:43:25","modified_gmt":"2025-03-18T08:43:25","slug":"wooden-ice-cream-sticks","status":"publish","type":"product","link":"https:\/\/www.carrytableware.com\/fr\/blog\/product\/wooden-ice-cream-sticks\/","title":{"rendered":"B\u00e2tonnet de glace en bois"},"content":{"rendered":"<p>B\u00e2tonnets de glace en bois<br \/>\nMat\u00e9riau : Bois<br \/>\nCouleur : Naturel<br \/>\nDimensions : 1,8 x 95 x 105 mm, 2 x 10 x 93 mm, 2 x 10 x 114 mm ou sur mesure<br \/>\nEmballage : Vrac, OPP, papier<br \/>\nCaract\u00e9ristiques : \u00c9cologique, compostable<br \/>\nPoids selon la taille<br \/>\nOEM\/ODM disponible<br \/>\nQuantit\u00e9 minimale de commande : 100\u00a0000 pi\u00e8ces<br \/>\nD\u00e9lai de livraison : 30 \u00e0 40 jours<br \/>\nConseils : Usage unique, 100 % \u00e9cologique et biod\u00e9gradable.<br \/>\nUtilisation : Ces b\u00e2tonnets de glace en bois conviennent aux glaces maison, aux desserts, \u00e0 la cire \u00e0 la spatule, aux glaces en b\u00e2tonnets et aux loisirs cr\u00e9atifs. Vous pouvez \u00e9galement peindre sur des b\u00e2tonnets de glace en bois, cr\u00e9er vos mod\u00e8les pr\u00e9f\u00e9r\u00e9s et laisser libre cours \u00e0 votre imagination et \u00e0 votre cr\u00e9ativit\u00e9. Nos b\u00e2tonnets de glace en bois conviennent aux enseignants, aux \u00e9tudiants, aux artisans, aux enfants et aux adultes. Parfaits pour des cadeaux cr\u00e9atifs ou des d\u00e9corations pour P\u00e2ques, No\u00ebl, Halloween, les f\u00eates \u00e0 th\u00e8me et bien plus encore.<\/p>\n","protected":false},"excerpt":{"rendered":"<p>B\u00e2tonnets de glace en bois Mat\u00e9riau : Bois Couleur : Naturel Dimensions : 1,8 x 95 x 105 mm, 2 x 10 x 93 mm, 2 x 10 x 114 mm ou sur mesure Emballage : Vrac, OPP, papier Caract\u00e9ristiques : \u00c9cologique, compostable Poids selon la taille OEM\/ODM disponible Quantit\u00e9 minimale de commande : 100\u00a0000 [&hellip;]<\/p>\n","protected":false},"featured_media":2004,"template":"","meta":{"_acf_changed":false},"product-category":[33],"class_list":["post-1752","product","type-product","status-publish","has-post-thumbnail","hentry","product-category-autre-bois"],"acf":[],"_links":{"self":[{"href":"https:\/\/www.carrytableware.com\/fr\/wp-json\/wp\/v2\/product\/1752","targetHints":{"allow":["GET"]}}],"collection":[{"href":"https:\/\/www.carrytableware.com\/fr\/wp-json\/wp\/v2\/product"}],"about":[{"href":"https:\/\/www.carrytableware.com\/fr\/wp-json\/wp\/v2\/types\/product"}],"wp:featuredmedia":[{"embeddable":true,"href":"https:\/\/www.carrytableware.com\/fr\/wp-json\/wp\/v2\/media\/2004"}],"wp:attachment":[{"href":"https:\/\/www.carrytableware.com\/fr\/wp-json\/wp\/v2\/media?parent=1752"}],"wp:term":[{"taxonomy":"product-category","embeddable":true,"href":"https:\/\/www.carrytableware.com\/fr\/wp-json\/wp\/v2\/product-category?post=1752"}],"curies":[{"name":"wp","href":"https:\/\/api.w.org\/{rel}","templated":true}]}}