{"id":1754,"date":"2025-02-17T12:00:58","date_gmt":"2025-02-17T12:00:58","guid":{"rendered":"https:\/\/www.carrytableware.com\/fr\/?post_type=product&#038;p=1754"},"modified":"2025-03-18T08:42:47","modified_gmt":"2025-03-18T08:42:47","slug":"mini-wooden-spoons","status":"publish","type":"product","link":"https:\/\/www.carrytableware.com\/fr\/blog\/product\/mini-wooden-spoons\/","title":{"rendered":"Mini cuill\u00e8re en bois"},"content":{"rendered":"<p>Mini cuill\u00e8re en bois<br \/>\nMat\u00e9riau : bois<br \/>\nCouleur : naturel<br \/>\nDimensions : 70 mm, 96 mm ou sur mesure<br \/>\nEmballage : vrac, OPP, papier<br \/>\nCaract\u00e9ristiques : \u00e9cologique, compostable<br \/>\nPoids selon la taille<br \/>\nOEM\/ODM disponible<br \/>\nQuantit\u00e9 minimale de commande : 100\u00a0000 pi\u00e8ces<br \/>\nD\u00e9lai de livraison : 30 \u00e0 40 jours<br \/>\nConseils : \u00e0 usage unique, 100 % \u00e9cologique et biod\u00e9gradable.<br \/>\nMulti-usages : la mini cuill\u00e8re en bois peut \u00eatre utilis\u00e9e pour divers \u00e9chantillons, glaces, yaourts, desserts, parfaits, mousses, puddings, etc.<\/p>\n","protected":false},"excerpt":{"rendered":"<p>Mini cuill\u00e8re en bois Mat\u00e9riau : bois Couleur : naturel Dimensions : 70 mm, 96 mm ou sur mesure Emballage : vrac, OPP, papier Caract\u00e9ristiques : \u00e9cologique, compostable Poids selon la taille OEM\/ODM disponible Quantit\u00e9 minimale de commande : 100\u00a0000 pi\u00e8ces D\u00e9lai de livraison : 30 \u00e0 40 jours Conseils : \u00e0 usage unique, 100 [&hellip;]<\/p>\n","protected":false},"featured_media":2002,"template":"","meta":{"_acf_changed":false},"product-category":[33],"class_list":["post-1754","product","type-product","status-publish","has-post-thumbnail","hentry","product-category-autre-bois"],"acf":[],"_links":{"self":[{"href":"https:\/\/www.carrytableware.com\/fr\/wp-json\/wp\/v2\/product\/1754","targetHints":{"allow":["GET"]}}],"collection":[{"href":"https:\/\/www.carrytableware.com\/fr\/wp-json\/wp\/v2\/product"}],"about":[{"href":"https:\/\/www.carrytableware.com\/fr\/wp-json\/wp\/v2\/types\/product"}],"wp:featuredmedia":[{"embeddable":true,"href":"https:\/\/www.carrytableware.com\/fr\/wp-json\/wp\/v2\/media\/2002"}],"wp:attachment":[{"href":"https:\/\/www.carrytableware.com\/fr\/wp-json\/wp\/v2\/media?parent=1754"}],"wp:term":[{"taxonomy":"product-category","embeddable":true,"href":"https:\/\/www.carrytableware.com\/fr\/wp-json\/wp\/v2\/product-category?post=1754"}],"curies":[{"name":"wp","href":"https:\/\/api.w.org\/{rel}","templated":true}]}}