{"id":1758,"date":"2025-02-17T12:03:45","date_gmt":"2025-02-17T12:03:45","guid":{"rendered":"https:\/\/www.carrytableware.com\/fr\/?post_type=product&#038;p=1758"},"modified":"2025-03-18T08:42:05","modified_gmt":"2025-03-18T08:42:05","slug":"wooden-skewer","status":"publish","type":"product","link":"https:\/\/www.carrytableware.com\/fr\/blog\/product\/wooden-skewer\/","title":{"rendered":"Brochette en bois"},"content":{"rendered":"<p>Brochette en bois<br \/>\nMat\u00e9riau : bois<br \/>\nCouleur : naturel<br \/>\nDimensions : 5 x 300 mm ou sur mesure<br \/>\nEmballage : vrac\/OPP\/carton<br \/>\nCaract\u00e9ristiques : \u00e9cologique, compostable<br \/>\nPoids selon la taille<br \/>\nOEM\/ODM disponible<br \/>\nQuantit\u00e9 minimale de commande : 100\u00a0000 pi\u00e8ces<br \/>\nD\u00e9lai de livraison : 30 \u00e0 40 jours<br \/>\nConseils : \u00e0 usage unique, 100 % \u00e9cologique et biod\u00e9gradable.<br \/>\nBrochettes en bois 100 % naturelles et respectueuses de l&rsquo;environnement.<br \/>\nConvient pour la cuisine, les pique-niques en camping, les barbecues, les mariages, les r\u00e9unions de famille et les occasions entre amis.<br \/>\nUtilisables pour les ap\u00e9ritifs, les sandwichs, les salades de fruits, les d\u00e9corations de g\u00e2teaux, les d\u00e9corations de cupcakes, les fondues, les fontaines \u00e0 chocolat, etc.<\/p>\n","protected":false},"excerpt":{"rendered":"<p>Brochette en bois Mat\u00e9riau : bois Couleur : naturel Dimensions : 5 x 300 mm ou sur mesure Emballage : vrac\/OPP\/carton Caract\u00e9ristiques : \u00e9cologique, compostable Poids selon la taille OEM\/ODM disponible Quantit\u00e9 minimale de commande : 100\u00a0000 pi\u00e8ces D\u00e9lai de livraison : 30 \u00e0 40 jours Conseils : \u00e0 usage unique, 100 % \u00e9cologique et [&hellip;]<\/p>\n","protected":false},"featured_media":1995,"template":"","meta":{"_acf_changed":false},"product-category":[33],"class_list":["post-1758","product","type-product","status-publish","has-post-thumbnail","hentry","product-category-autre-bois"],"acf":[],"_links":{"self":[{"href":"https:\/\/www.carrytableware.com\/fr\/wp-json\/wp\/v2\/product\/1758","targetHints":{"allow":["GET"]}}],"collection":[{"href":"https:\/\/www.carrytableware.com\/fr\/wp-json\/wp\/v2\/product"}],"about":[{"href":"https:\/\/www.carrytableware.com\/fr\/wp-json\/wp\/v2\/types\/product"}],"wp:featuredmedia":[{"embeddable":true,"href":"https:\/\/www.carrytableware.com\/fr\/wp-json\/wp\/v2\/media\/1995"}],"wp:attachment":[{"href":"https:\/\/www.carrytableware.com\/fr\/wp-json\/wp\/v2\/media?parent=1758"}],"wp:term":[{"taxonomy":"product-category","embeddable":true,"href":"https:\/\/www.carrytableware.com\/fr\/wp-json\/wp\/v2\/product-category?post=1758"}],"curies":[{"name":"wp","href":"https:\/\/api.w.org\/{rel}","templated":true}]}}