{"id":1763,"date":"2025-02-17T12:06:18","date_gmt":"2025-02-17T12:06:18","guid":{"rendered":"https:\/\/www.carrytableware.com\/fr\/?post_type=product&#038;p=1763"},"modified":"2025-03-18T08:41:22","modified_gmt":"2025-03-18T08:41:22","slug":"disposable-wooden-sushi-boat","status":"publish","type":"product","link":"https:\/\/www.carrytableware.com\/fr\/blog\/product\/disposable-wooden-sushi-boat\/","title":{"rendered":"Bateau en bois"},"content":{"rendered":"<p>Bateau \u00e0 sushi jetable en bois<br \/>\nMat\u00e9riau : bois<br \/>\nCouleur : naturel<br \/>\nDimensions : 90 x 60 mm, 65 x 42 mm, 240 x 110 mm, 240 x 125 mm, 220 x 110 mm, 190 x 100 mm, 160 x 90 mm, 145 x 85 mm, 130 x 80 mm, 110 x 70 mm ou sur mesure<br \/>\nEmballage : OPP<br \/>\nCaract\u00e9ristiques : \u00e9cologique, compostable<br \/>\nPoids : selon la taille<br \/>\nOEM\/ODM disponible<br \/>\nQuantit\u00e9 minimale de commande : 100\u00a0000 pi\u00e8ces<br \/>\nD\u00e9lai de livraison : 30 \u00e0 40 jours<br \/>\nConseils : \u00e0 usage unique, 100 % \u00e9cologique et biod\u00e9gradable. Mat\u00e9riau naturel : Fabriqu\u00e9 en bois naturel, sans colorant, il est sans danger pour les aliments et peut \u00eatre utilis\u00e9 en toute confiance.<br \/>\nUtilisations multiples : Utilisez ces assiettes uniques et charmantes en forme de bateau \u00e0 la maison, au restaurant, au bar, \u00e0 l&rsquo;h\u00f4tel, etc.<br \/>\nForme : Ce r\u00e9cipient alimentaire en forme de bateau est tr\u00e8s pratique pour contenir des aliments et est esth\u00e9tique.<br \/>\nR\u00e9cipient alimentaire : Pour contenir de petites collations comme des sushis, du saumon, des g\u00e2teaux, des salades, des chips, etc.<br \/>\nConception jetable : Pas besoin de nettoyage ni d&rsquo;entretien, il suffit de les jeter \u00e0 la poubelle apr\u00e8s utilisation, ce qui vous fait gagner du temps et de l&rsquo;\u00e9nergie.<\/p>\n","protected":false},"excerpt":{"rendered":"<p>Bateau \u00e0 sushi jetable en bois Mat\u00e9riau : bois Couleur : naturel Dimensions : 90 x 60 mm, 65 x 42 mm, 240 x 110 mm, 240 x 125 mm, 220 x 110 mm, 190 x 100 mm, 160 x 90 mm, 145 x 85 mm, 130 x 80 mm, 110 x 70 mm ou [&hellip;]<\/p>\n","protected":false},"featured_media":1992,"template":"","meta":{"_acf_changed":false},"product-category":[33],"class_list":["post-1763","product","type-product","status-publish","has-post-thumbnail","hentry","product-category-autre-bois"],"acf":[],"_links":{"self":[{"href":"https:\/\/www.carrytableware.com\/fr\/wp-json\/wp\/v2\/product\/1763","targetHints":{"allow":["GET"]}}],"collection":[{"href":"https:\/\/www.carrytableware.com\/fr\/wp-json\/wp\/v2\/product"}],"about":[{"href":"https:\/\/www.carrytableware.com\/fr\/wp-json\/wp\/v2\/types\/product"}],"wp:featuredmedia":[{"embeddable":true,"href":"https:\/\/www.carrytableware.com\/fr\/wp-json\/wp\/v2\/media\/1992"}],"wp:attachment":[{"href":"https:\/\/www.carrytableware.com\/fr\/wp-json\/wp\/v2\/media?parent=1763"}],"wp:term":[{"taxonomy":"product-category","embeddable":true,"href":"https:\/\/www.carrytableware.com\/fr\/wp-json\/wp\/v2\/product-category?post=1763"}],"curies":[{"name":"wp","href":"https:\/\/api.w.org\/{rel}","templated":true}]}}