{"id":1767,"date":"2025-02-17T12:08:18","date_gmt":"2025-02-17T12:08:18","guid":{"rendered":"https:\/\/www.carrytableware.com\/fr\/?post_type=product&#038;p=1767"},"modified":"2025-03-18T08:40:38","modified_gmt":"2025-03-18T08:40:38","slug":"wooden-plates","status":"publish","type":"product","link":"https:\/\/www.carrytableware.com\/fr\/blog\/product\/wooden-plates\/","title":{"rendered":"Assiette ronde en bois"},"content":{"rendered":"<p>Assiette ronde en bois<br \/>\nMat\u00e9riau : Bois<br \/>\nCouleur : Naturel<br \/>\nDimensions : 150 x 150 mm, 210 x 210 mm ou sur mesure<br \/>\nEmballage : OPP<br \/>\nCaract\u00e9ristiques : \u00c9cologique, compostable<br \/>\nPoids selon la taille<br \/>\nOEM\/ODM disponible<br \/>\nQuantit\u00e9 minimale de commande : 100\u00a0000 pi\u00e8ces<br \/>\nD\u00e9lai de livraison : 30 \u00e0 40 jours<br \/>\nConseils : Usage unique, 100 % \u00e9cologique et biod\u00e9gradable.<br \/>\nCes assiettes sont une alternative \u00e9l\u00e9gante et pratique aux assiettes en carton ou en plastique pour la d\u00e9coration de table de f\u00eate.<br \/>\nMat\u00e9riau s\u00fbr : Le bois naturel utilis\u00e9 pour ces assiettes \u00e0 ap\u00e9ritif est sans danger pour la consommation et incroyablement durable. Vous pouvez donc les utiliser pour d\u00e9corer votre table avec style.<br \/>\nTaille adapt\u00e9e : Pour les \u00e9v\u00e9nements traiteur, nos assiettes en bois jetables conviennent au service d&rsquo;une grande vari\u00e9t\u00e9 d&rsquo;aliments, notamment des g\u00e2teaux, des sushis et des ap\u00e9ritifs.<br \/>\nConception jetable : Ces \u00e9l\u00e9gantes assiettes en bois sont press\u00e9es \u00e0 la machine sans colle. La conception jetable ne n\u00e9cessite aucun entretien ni nettoyage, il suffit de les jeter \u00e0 la poubelle lorsque vous avez fini de les utiliser pour gagner du temps et des efforts.<\/p>\n","protected":false},"excerpt":{"rendered":"<p>Assiette ronde en bois Mat\u00e9riau : Bois Couleur : Naturel Dimensions : 150 x 150 mm, 210 x 210 mm ou sur mesure Emballage : OPP Caract\u00e9ristiques : \u00c9cologique, compostable Poids selon la taille OEM\/ODM disponible Quantit\u00e9 minimale de commande : 100\u00a0000 pi\u00e8ces D\u00e9lai de livraison : 30 \u00e0 40 jours Conseils : Usage unique, [&hellip;]<\/p>\n","protected":false},"featured_media":1985,"template":"","meta":{"_acf_changed":false},"product-category":[31],"class_list":["post-1767","product","type-product","status-publish","has-post-thumbnail","hentry","product-category-couverts-bois"],"acf":[],"_links":{"self":[{"href":"https:\/\/www.carrytableware.com\/fr\/wp-json\/wp\/v2\/product\/1767","targetHints":{"allow":["GET"]}}],"collection":[{"href":"https:\/\/www.carrytableware.com\/fr\/wp-json\/wp\/v2\/product"}],"about":[{"href":"https:\/\/www.carrytableware.com\/fr\/wp-json\/wp\/v2\/types\/product"}],"wp:featuredmedia":[{"embeddable":true,"href":"https:\/\/www.carrytableware.com\/fr\/wp-json\/wp\/v2\/media\/1985"}],"wp:attachment":[{"href":"https:\/\/www.carrytableware.com\/fr\/wp-json\/wp\/v2\/media?parent=1767"}],"wp:term":[{"taxonomy":"product-category","embeddable":true,"href":"https:\/\/www.carrytableware.com\/fr\/wp-json\/wp\/v2\/product-category?post=1767"}],"curies":[{"name":"wp","href":"https:\/\/api.w.org\/{rel}","templated":true}]}}