{"id":1772,"date":"2025-02-17T12:09:16","date_gmt":"2025-02-17T12:09:16","guid":{"rendered":"https:\/\/www.carrytableware.com\/fr\/?post_type=product&#038;p=1772"},"modified":"2025-03-18T08:39:51","modified_gmt":"2025-03-18T08:39:51","slug":"wooden-dessert-cups","status":"publish","type":"product","link":"https:\/\/www.carrytableware.com\/fr\/blog\/product\/wooden-dessert-cups\/","title":{"rendered":"Coupe \u00e0 dessert en bois"},"content":{"rendered":"<p>Coupe \u00e0 dessert en bois<br \/>\nMat\u00e9riau : Bois<br \/>\nCouleur : Naturel<br \/>\nTaille : 6 cm ou sur mesure<br \/>\nEmballage : OPP<br \/>\nCaract\u00e9ristiques : \u00c9cologique, compostable<br \/>\nPoids : selon la taille<br \/>\nOEM\/ODM disponible<br \/>\nQuantit\u00e9 minimale de commande : 100\u00a0000 pi\u00e8ces<br \/>\nD\u00e9lai de livraison : 30 \u00e0 40 jours<br \/>\nConseils : Usage unique, 100 % \u00e9cologique et biod\u00e9gradable.<br \/>\nParfait pour les mariages, les f\u00eates, les banquets, les r\u00e9unions de famille, les go\u00fbters, etc.<br \/>\nBords lisses et sans bavures, sans danger pour la peau.<br \/>\nVintage clair et design \u00e9pur\u00e9, adapt\u00e9 \u00e0 la plupart des styles de d\u00e9coration int\u00e9rieure.<br \/>\nId\u00e9al pour pr\u00e9senter des fruits, des salades, des en-cas, des desserts, des bonbons et autres aliments, ou pour boire du lait, de l&rsquo;eau, du vin, etc.<\/p>\n","protected":false},"excerpt":{"rendered":"<p>Coupe \u00e0 dessert en bois Mat\u00e9riau : Bois Couleur : Naturel Taille : 6 cm ou sur mesure Emballage : OPP Caract\u00e9ristiques : \u00c9cologique, compostable Poids : selon la taille OEM\/ODM disponible Quantit\u00e9 minimale de commande : 100\u00a0000 pi\u00e8ces D\u00e9lai de livraison : 30 \u00e0 40 jours Conseils : Usage unique, 100 % \u00e9cologique et [&hellip;]<\/p>\n","protected":false},"featured_media":1983,"template":"","meta":{"_acf_changed":false},"product-category":[33],"class_list":["post-1772","product","type-product","status-publish","has-post-thumbnail","hentry","product-category-autre-bois"],"acf":[],"_links":{"self":[{"href":"https:\/\/www.carrytableware.com\/fr\/wp-json\/wp\/v2\/product\/1772","targetHints":{"allow":["GET"]}}],"collection":[{"href":"https:\/\/www.carrytableware.com\/fr\/wp-json\/wp\/v2\/product"}],"about":[{"href":"https:\/\/www.carrytableware.com\/fr\/wp-json\/wp\/v2\/types\/product"}],"wp:featuredmedia":[{"embeddable":true,"href":"https:\/\/www.carrytableware.com\/fr\/wp-json\/wp\/v2\/media\/1983"}],"wp:attachment":[{"href":"https:\/\/www.carrytableware.com\/fr\/wp-json\/wp\/v2\/media?parent=1772"}],"wp:term":[{"taxonomy":"product-category","embeddable":true,"href":"https:\/\/www.carrytableware.com\/fr\/wp-json\/wp\/v2\/product-category?post=1772"}],"curies":[{"name":"wp","href":"https:\/\/api.w.org\/{rel}","templated":true}]}}