{"id":1774,"date":"2025-02-17T12:11:32","date_gmt":"2025-02-17T12:11:32","guid":{"rendered":"https:\/\/www.carrytableware.com\/fr\/?post_type=product&#038;p=1774"},"modified":"2025-03-18T08:39:12","modified_gmt":"2025-03-18T08:39:12","slug":"wooden-tasting-cones","status":"publish","type":"product","link":"https:\/\/www.carrytableware.com\/fr\/blog\/product\/wooden-tasting-cones\/","title":{"rendered":"C\u00f4ne de d\u00e9gustation en bois"},"content":{"rendered":"<p>C\u00f4ne de d\u00e9gustation en bois<br \/>\nMat\u00e9riau : bois<br \/>\nCouleur : naturel<br \/>\nDimensions : 50 x 125 mm, 60 x 155 mm, 70 x 180 mm, 100 x 240 mm ou sur mesure<br \/>\nEmballage : OPP<br \/>\nCaract\u00e9ristiques : \u00e9cologique, compostable<br \/>\nPoids : selon la taille<br \/>\nOEM\/ODM disponible<br \/>\nQuantit\u00e9 minimale de commande : 100\u00a0000 pi\u00e8ces<br \/>\nD\u00e9lai de livraison : 30 \u00e0 40 jours<br \/>\nConseils : \u00e0 usage unique, 100 % \u00e9cologique et biod\u00e9gradable.<br \/>\nC\u00f4nes \u00e0 ap\u00e9ritif en bois, de structure simple, faciles \u00e0 utiliser et \u00e0 contenir. De fabrication soign\u00e9e, leur interface \u00e9tanche permet d&rsquo;envelopper parfaitement les aliments. Ils peuvent \u00eatre utilis\u00e9s pour emballer et placer des desserts, des glaces, des bonbons et autres collations.<\/p>\n","protected":false},"excerpt":{"rendered":"<p>C\u00f4ne de d\u00e9gustation en bois Mat\u00e9riau : bois Couleur : naturel Dimensions : 50 x 125 mm, 60 x 155 mm, 70 x 180 mm, 100 x 240 mm ou sur mesure Emballage : OPP Caract\u00e9ristiques : \u00e9cologique, compostable Poids : selon la taille OEM\/ODM disponible Quantit\u00e9 minimale de commande : 100\u00a0000 pi\u00e8ces D\u00e9lai de [&hellip;]<\/p>\n","protected":false},"featured_media":1978,"template":"","meta":{"_acf_changed":false},"product-category":[33],"class_list":["post-1774","product","type-product","status-publish","has-post-thumbnail","hentry","product-category-autre-bois"],"acf":[],"_links":{"self":[{"href":"https:\/\/www.carrytableware.com\/fr\/wp-json\/wp\/v2\/product\/1774","targetHints":{"allow":["GET"]}}],"collection":[{"href":"https:\/\/www.carrytableware.com\/fr\/wp-json\/wp\/v2\/product"}],"about":[{"href":"https:\/\/www.carrytableware.com\/fr\/wp-json\/wp\/v2\/types\/product"}],"wp:featuredmedia":[{"embeddable":true,"href":"https:\/\/www.carrytableware.com\/fr\/wp-json\/wp\/v2\/media\/1978"}],"wp:attachment":[{"href":"https:\/\/www.carrytableware.com\/fr\/wp-json\/wp\/v2\/media?parent=1774"}],"wp:term":[{"taxonomy":"product-category","embeddable":true,"href":"https:\/\/www.carrytableware.com\/fr\/wp-json\/wp\/v2\/product-category?post=1774"}],"curies":[{"name":"wp","href":"https:\/\/api.w.org\/{rel}","templated":true}]}}