{"id":1779,"date":"2025-02-17T12:15:38","date_gmt":"2025-02-17T12:15:38","guid":{"rendered":"https:\/\/www.carrytableware.com\/fr\/?post_type=product&#038;p=1779"},"modified":"2025-03-18T08:38:27","modified_gmt":"2025-03-18T08:38:27","slug":"paper-cups","status":"publish","type":"product","link":"https:\/\/www.carrytableware.com\/fr\/blog\/product\/paper-cups\/","title":{"rendered":"Gobelets en papier"},"content":{"rendered":"<p>Gobelet en carton<br \/>\nMat\u00e9riau : papier<br \/>\nCouleur : naturel\/blanc<br \/>\nFormat : 200 ml, 275 ml ou sur mesure<br \/>\nEmballage : en vrac<br \/>\nCaract\u00e9ristiques : \u00e9cologique, compostable<br \/>\nPoids : selon la taille<br \/>\nOEM\/ODM disponible<br \/>\nQuantit\u00e9 minimale de commande : 40\u00a0000 pi\u00e8ces<br \/>\nD\u00e9lai de livraison : 30 \u00e0 40 jours<br \/>\nConseils : \u00e0 usage unique, 100 % \u00e9cologique et biod\u00e9gradable.<\/p>\n<p>Mat\u00e9riau : nos gobelets sont fabriqu\u00e9s \u00e0 partir du meilleur papier alimentaire. Leur bord roul\u00e9 est con\u00e7u pour augmenter leur rigidit\u00e9 et leur r\u00e9sistance, et pr\u00e9venir les d\u00e9versements accidentels de liquide. Ces tasses \u00e0 caf\u00e9 sont parfaites pour emporter votre caf\u00e9, votre th\u00e9 ou vos boissons.<br \/>\nPratique et \u00e9cologique : jetez-les \u00e0 la poubelle apr\u00e8s utilisation pour \u00e9viter un nettoyage fastidieux. Ces gobelets en carton usag\u00e9s sont recyclables et ne polluent pas l&rsquo;environnement. Nos produits sont une excellente alternative au plastique.<br \/>\nUtilisations multiples : gobelets en carton jetables id\u00e9aux pour un usage domestique ou commercial. Parfait pour la famille, les \u00e9coles, le bureau, les \u00e9v\u00e9nements sportifs, les caf\u00e9s, les collectes de fonds, les restaurants, les \u00e9glises, les clubs et pour divertir vos invit\u00e9s.<\/p>\n","protected":false},"excerpt":{"rendered":"<p>Gobelet en carton Mat\u00e9riau : papier Couleur : naturel\/blanc Format : 200 ml, 275 ml ou sur mesure Emballage : en vrac Caract\u00e9ristiques : \u00e9cologique, compostable Poids : selon la taille OEM\/ODM disponible Quantit\u00e9 minimale de commande : 40\u00a0000 pi\u00e8ces D\u00e9lai de livraison : 30 \u00e0 40 jours Conseils : \u00e0 usage unique, 100 % [&hellip;]<\/p>\n","protected":false},"featured_media":1976,"template":"","meta":{"_acf_changed":false},"product-category":[36],"class_list":["post-1779","product","type-product","status-publish","has-post-thumbnail","hentry","product-category-paper-paper"],"acf":[],"_links":{"self":[{"href":"https:\/\/www.carrytableware.com\/fr\/wp-json\/wp\/v2\/product\/1779","targetHints":{"allow":["GET"]}}],"collection":[{"href":"https:\/\/www.carrytableware.com\/fr\/wp-json\/wp\/v2\/product"}],"about":[{"href":"https:\/\/www.carrytableware.com\/fr\/wp-json\/wp\/v2\/types\/product"}],"wp:featuredmedia":[{"embeddable":true,"href":"https:\/\/www.carrytableware.com\/fr\/wp-json\/wp\/v2\/media\/1976"}],"wp:attachment":[{"href":"https:\/\/www.carrytableware.com\/fr\/wp-json\/wp\/v2\/media?parent=1779"}],"wp:term":[{"taxonomy":"product-category","embeddable":true,"href":"https:\/\/www.carrytableware.com\/fr\/wp-json\/wp\/v2\/product-category?post=1779"}],"curies":[{"name":"wp","href":"https:\/\/api.w.org\/{rel}","templated":true}]}}