{"id":1784,"date":"2025-02-17T12:19:15","date_gmt":"2025-02-17T12:19:15","guid":{"rendered":"https:\/\/www.carrytableware.com\/fr\/?post_type=product&#038;p=1784"},"modified":"2025-03-18T08:37:48","modified_gmt":"2025-03-18T08:37:48","slug":"kraft-paper-takeout-box","status":"publish","type":"product","link":"https:\/\/www.carrytableware.com\/fr\/blog\/product\/kraft-paper-takeout-box\/","title":{"rendered":"Bo\u00eete \u00e0 emporter en papier kraft"},"content":{"rendered":"<p>Bo\u00eete \u00e0 emporter en papier kraft<br \/>\nMat\u00e9riau\u00a0: papier<br \/>\nCouleur\u00a0: naturel<br \/>\nFormat : 750 ml, 1000 ml, 1300 ml, 1450 ml, 1900 ml ou personnalis\u00e9<br \/>\nEmballage\u00a0: en vrac<br \/>\nCaract\u00e9ristiques\u00a0: \u00e9cologique, compostable<br \/>\nPoids\u00a0: selon la taille<br \/>\nOEM\/ODM disponible<br \/>\nQuantit\u00e9 minimale de commande\u00a0: 40\u00a0000\u00a0pi\u00e8ces<br \/>\nD\u00e9lai de livraison\u00a0: 30 \u00e0 40\u00a0jours<br \/>\nConseils\u00a0: \u00e0 usage unique, 100\u00a0% \u00e9cologique et biod\u00e9gradable.<\/p>\n<p>Conservez vos aliments plus longtemps\u00a0: les bo\u00eetes \u00e0 emporter kraft marron sont id\u00e9ales pour conserver vos aliments au frais, ainsi que pour r\u00e9frig\u00e9rer et passer au micro-ondes vos plats \u00e0 emporter ou vos restes. Elles constituent \u00e9galement une alternative \u00e9cologique aux bo\u00eetes \u00e0 lunch.<br \/>\nR\u00e9sistantes \u00e0 la chaleur et \u00e9tanches\u00a0: ces grandes bo\u00eetes ont \u00e9t\u00e9 sp\u00e9cialement con\u00e7ues pour contenir les aliments gras sans laisser de liquide s&rsquo;infiltrer. Vos repas seront emball\u00e9s en toute s\u00e9curit\u00e9 dans ces contenants de voyage \u00e0 emporter. Ils passent \u00e9galement au micro-ondes.<br \/>\nParfait pour la restauration : que vous organisiez une f\u00eate ou que vous dirigiez une entreprise de restauration, ces contenants sont parfaits pour servir des plats froids et chauds.<\/p>\n","protected":false},"excerpt":{"rendered":"<p>Bo\u00eete \u00e0 emporter en papier kraft Mat\u00e9riau\u00a0: papier Couleur\u00a0: naturel Format : 750 ml, 1000 ml, 1300 ml, 1450 ml, 1900 ml ou personnalis\u00e9 Emballage\u00a0: en vrac Caract\u00e9ristiques\u00a0: \u00e9cologique, compostable Poids\u00a0: selon la taille OEM\/ODM disponible Quantit\u00e9 minimale de commande\u00a0: 40\u00a0000\u00a0pi\u00e8ces D\u00e9lai de livraison\u00a0: 30 \u00e0 40\u00a0jours Conseils\u00a0: \u00e0 usage unique, 100\u00a0% \u00e9cologique et biod\u00e9gradable. [&hellip;]<\/p>\n","protected":false},"featured_media":1969,"template":"","meta":{"_acf_changed":false},"product-category":[36],"class_list":["post-1784","product","type-product","status-publish","has-post-thumbnail","hentry","product-category-paper-paper"],"acf":[],"_links":{"self":[{"href":"https:\/\/www.carrytableware.com\/fr\/wp-json\/wp\/v2\/product\/1784","targetHints":{"allow":["GET"]}}],"collection":[{"href":"https:\/\/www.carrytableware.com\/fr\/wp-json\/wp\/v2\/product"}],"about":[{"href":"https:\/\/www.carrytableware.com\/fr\/wp-json\/wp\/v2\/types\/product"}],"wp:featuredmedia":[{"embeddable":true,"href":"https:\/\/www.carrytableware.com\/fr\/wp-json\/wp\/v2\/media\/1969"}],"wp:attachment":[{"href":"https:\/\/www.carrytableware.com\/fr\/wp-json\/wp\/v2\/media?parent=1784"}],"wp:term":[{"taxonomy":"product-category","embeddable":true,"href":"https:\/\/www.carrytableware.com\/fr\/wp-json\/wp\/v2\/product-category?post=1784"}],"curies":[{"name":"wp","href":"https:\/\/api.w.org\/{rel}","templated":true}]}}