{"id":1788,"date":"2025-02-17T12:20:43","date_gmt":"2025-02-17T12:20:43","guid":{"rendered":"https:\/\/www.carrytableware.com\/fr\/?post_type=product&#038;p=1788"},"modified":"2025-03-18T08:36:56","modified_gmt":"2025-03-18T08:36:56","slug":"kraft-paper-bowl","status":"publish","type":"product","link":"https:\/\/www.carrytableware.com\/fr\/blog\/product\/kraft-paper-bowl\/","title":{"rendered":"Bol en papier kraft"},"content":{"rendered":"<p>Bol en papier kraft<br \/>\nMat\u00e9riau : papier<br \/>\nCouleur : naturel<br \/>\nDimensions : 500 ml, 750 ml, 880 ml, 1000 ml, 1100 ml, 1300 ml, 1450 ml ou sur mesure<br \/>\nEmballage : en vrac<br \/>\nCaract\u00e9ristiques : \u00e9cologique, compostable<br \/>\nPoids selon la taille<br \/>\nOEM\/ODM disponible<br \/>\nQuantit\u00e9 minimale de commande : 40\u00a0000 pi\u00e8ces<br \/>\nD\u00e9lai de livraison : 30 \u00e0 40 jours<br \/>\nConseils : \u00e0 usage unique, 100 % \u00e9cologique et biod\u00e9gradable.<\/p>\n<p>Taille id\u00e9ale : convient \u00e0 un usage quotidien, comme les salades, les steaks, les spaghettis. Robustes et durables, ils s&rsquo;utilisent de multiples fa\u00e7ons : f\u00eates, pique-niques, barbecues, camping, en-cas.<br \/>\nAdapt\u00e9s au micro-ondes et au cong\u00e9lateur : nos bols conviennent aussi bien aux aliments chauds que froids. Ils passent au micro-ondes et m\u00eame au cong\u00e9lateur. Les bols de pr\u00e9paration de repas avanc\u00e9s, le contr\u00f4le des portions di\u00e9t\u00e9tiques, les repas sains et nutritifs et les repas \u00e0 emporter sont tr\u00e8s pratiques.<\/p>\n","protected":false},"excerpt":{"rendered":"<p>Bol en papier kraft Mat\u00e9riau : papier Couleur : naturel Dimensions : 500 ml, 750 ml, 880 ml, 1000 ml, 1100 ml, 1300 ml, 1450 ml ou sur mesure Emballage : en vrac Caract\u00e9ristiques : \u00e9cologique, compostable Poids selon la taille OEM\/ODM disponible Quantit\u00e9 minimale de commande : 40\u00a0000 pi\u00e8ces D\u00e9lai de livraison : 30 [&hellip;]<\/p>\n","protected":false},"featured_media":1966,"template":"","meta":{"_acf_changed":false},"product-category":[36],"class_list":["post-1788","product","type-product","status-publish","has-post-thumbnail","hentry","product-category-paper-paper"],"acf":[],"_links":{"self":[{"href":"https:\/\/www.carrytableware.com\/fr\/wp-json\/wp\/v2\/product\/1788","targetHints":{"allow":["GET"]}}],"collection":[{"href":"https:\/\/www.carrytableware.com\/fr\/wp-json\/wp\/v2\/product"}],"about":[{"href":"https:\/\/www.carrytableware.com\/fr\/wp-json\/wp\/v2\/types\/product"}],"wp:featuredmedia":[{"embeddable":true,"href":"https:\/\/www.carrytableware.com\/fr\/wp-json\/wp\/v2\/media\/1966"}],"wp:attachment":[{"href":"https:\/\/www.carrytableware.com\/fr\/wp-json\/wp\/v2\/media?parent=1788"}],"wp:term":[{"taxonomy":"product-category","embeddable":true,"href":"https:\/\/www.carrytableware.com\/fr\/wp-json\/wp\/v2\/product-category?post=1788"}],"curies":[{"name":"wp","href":"https:\/\/api.w.org\/{rel}","templated":true}]}}