{"id":1791,"date":"2025-02-17T12:22:38","date_gmt":"2025-02-17T12:22:38","guid":{"rendered":"https:\/\/www.carrytableware.com\/fr\/?post_type=product&#038;p=1791"},"modified":"2025-03-18T08:36:13","modified_gmt":"2025-03-18T08:36:13","slug":"kraft-paper-boat","status":"publish","type":"product","link":"https:\/\/www.carrytableware.com\/fr\/blog\/product\/kraft-paper-boat\/","title":{"rendered":"Bateau en papier kraft"},"content":{"rendered":"<p>Bateau en papier kraft<br \/>\nMat\u00e9riau\u00a0: papier<br \/>\nCouleur\u00a0: naturel<br \/>\nDimensions\u00a0: 57 x 96 x 170\u00a0mm, 50 x 85 x 137\u00a0mm, 47 x 80 x 121\u00a0mm, 43 x 67 x 110\u00a0mm, 40 x 61 x 100\u00a0mm, 33 x 50 x 85\u00a0mm, 28 x 48 x 76\u00a0mm ou sur mesure<br \/>\nEmballage\u00a0: en vrac<br \/>\nCaract\u00e9ristiques\u00a0: \u00e9cologique, compostable<br \/>\nPoids\u00a0: selon la taille<br \/>\nOEM\/ODM disponible<br \/>\nQuantit\u00e9 minimale de commande\u00a0: 40\u00a0000\u00a0pi\u00e8ces<br \/>\nD\u00e9lai de livraison\u00a0: 30 \u00e0 40\u00a0jours<br \/>\nConseils\u00a0: \u00e0 usage unique, 100\u00a0% \u00e9cologique et biod\u00e9gradable.<\/p>\n<p>Les barquettes en papier kraft sont id\u00e9ales pour les nachos, sandwichs, hamburgers, frites, salades, fruits et bien plus encore.<br \/>\nMat\u00e9riau fiable\u00a0: Nos barquettes sont fabriqu\u00e9es en papier kraft alimentaire 270\u00a0g\/m\u00b2, \u00e9pais, r\u00e9sistant, r\u00e9sistant aux d\u00e9chirures et compatible micro-ondes.<br \/>\nR\u00e9sistantes aux graisses\u00a0: L&rsquo;int\u00e9rieur de ces barquettes est recouvert d&rsquo;un film PE alimentaire 20\u00a0g\/m\u00b2, r\u00e9sistant \u00e0 l&rsquo;eau et \u00e0 l&rsquo;huile, vous permettant de d\u00e9guster vos plats sans vous soucier des taches d&rsquo;huile.<br \/>\nFaciles \u00e0 jeter\u00a0: Ces barquettes jetables sont une meilleure alternative aux barquettes en plastique classiques. Fini le nettoyage fastidieux\u00a0: utilisez-les une fois et jetez-les sans risque de pollution.<br \/>\nUtilisations multiples\u00a0: Parfaits pour servir des repas lors de f\u00eates, soir\u00e9es cin\u00e9ma, stands de restauration, pique-niques, barbecues, carnavals, cin\u00e9mas, restaurants, bars, etc.<\/p>\n","protected":false},"excerpt":{"rendered":"<p>Bateau en papier kraft Mat\u00e9riau\u00a0: papier Couleur\u00a0: naturel Dimensions\u00a0: 57 x 96 x 170\u00a0mm, 50 x 85 x 137\u00a0mm, 47 x 80 x 121\u00a0mm, 43 x 67 x 110\u00a0mm, 40 x 61 x 100\u00a0mm, 33 x 50 x 85\u00a0mm, 28 x 48 x 76\u00a0mm ou sur mesure Emballage\u00a0: en vrac Caract\u00e9ristiques\u00a0: \u00e9cologique, compostable Poids\u00a0: selon [&hellip;]<\/p>\n","protected":false},"featured_media":1959,"template":"","meta":{"_acf_changed":false},"product-category":[36],"class_list":["post-1791","product","type-product","status-publish","has-post-thumbnail","hentry","product-category-paper-paper"],"acf":[],"_links":{"self":[{"href":"https:\/\/www.carrytableware.com\/fr\/wp-json\/wp\/v2\/product\/1791","targetHints":{"allow":["GET"]}}],"collection":[{"href":"https:\/\/www.carrytableware.com\/fr\/wp-json\/wp\/v2\/product"}],"about":[{"href":"https:\/\/www.carrytableware.com\/fr\/wp-json\/wp\/v2\/types\/product"}],"wp:featuredmedia":[{"embeddable":true,"href":"https:\/\/www.carrytableware.com\/fr\/wp-json\/wp\/v2\/media\/1959"}],"wp:attachment":[{"href":"https:\/\/www.carrytableware.com\/fr\/wp-json\/wp\/v2\/media?parent=1791"}],"wp:term":[{"taxonomy":"product-category","embeddable":true,"href":"https:\/\/www.carrytableware.com\/fr\/wp-json\/wp\/v2\/product-category?post=1791"}],"curies":[{"name":"wp","href":"https:\/\/api.w.org\/{rel}","templated":true}]}}