{"id":1796,"date":"2025-02-17T12:23:57","date_gmt":"2025-02-17T12:23:57","guid":{"rendered":"https:\/\/www.carrytableware.com\/fr\/?post_type=product&#038;p=1796"},"modified":"2025-03-18T08:35:23","modified_gmt":"2025-03-18T08:35:23","slug":"kraft-paper-plates","status":"publish","type":"product","link":"https:\/\/www.carrytableware.com\/fr\/blog\/product\/kraft-paper-plates\/","title":{"rendered":"Assiettes en papier kraft"},"content":{"rendered":"<p>Assiette en papier kraft<br \/>\nMat\u00e9riau : papier<br \/>\nCouleur : naturel<br \/>\nDimensions : 2 x 20 x 16,7 cm, 2,5 x 24,7 x 17,4 cm ou personnalis\u00e9<br \/>\nEmballage : en vrac<br \/>\nCaract\u00e9ristiques : \u00e9cologique, compostable<br \/>\nPoids selon la taille<br \/>\nOEM\/ODM disponible<br \/>\nQuantit\u00e9 minimale de commande : 40\u00a0000 pi\u00e8ces<br \/>\nD\u00e9lai de livraison : 30 \u00e0 40 jours<br \/>\nConseils : \u00e0 usage unique, 100 % \u00e9cologiques et biod\u00e9gradables.<\/p>\n<p>Fabriqu\u00e9es en papier kraft \u00e9pais naturel, nos assiettes en papier kraft sont biod\u00e9gradables et compostables, ce qui en fait une alternative \u00e9cologique aux assiettes jetables traditionnelles.<\/p>\n<p>Disponibles dans une large gamme de tailles et de styles, nos assiettes en papier kraft sont parfaites pour servir des repas lors de f\u00eates, pique-niques, barbecues et autres \u00e9v\u00e9nements.<\/p>\n<p>Robustes et durables, elles peuvent contenir une vari\u00e9t\u00e9 d&rsquo;aliments sans se plier ni fuir. De plus, elles passent au micro-ondes et au cong\u00e9lateur, ce qui les rend polyvalentes pour tous vos besoins de conservation des aliments.<\/p>\n","protected":false},"excerpt":{"rendered":"<p>Assiette en papier kraft Mat\u00e9riau : papier Couleur : naturel Dimensions : 2 x 20 x 16,7 cm, 2,5 x 24,7 x 17,4 cm ou personnalis\u00e9 Emballage : en vrac Caract\u00e9ristiques : \u00e9cologique, compostable Poids selon la taille OEM\/ODM disponible Quantit\u00e9 minimale de commande : 40\u00a0000 pi\u00e8ces D\u00e9lai de livraison : 30 \u00e0 40 jours [&hellip;]<\/p>\n","protected":false},"featured_media":1958,"template":"","meta":{"_acf_changed":false},"product-category":[36],"class_list":["post-1796","product","type-product","status-publish","has-post-thumbnail","hentry","product-category-paper-paper"],"acf":[],"_links":{"self":[{"href":"https:\/\/www.carrytableware.com\/fr\/wp-json\/wp\/v2\/product\/1796","targetHints":{"allow":["GET"]}}],"collection":[{"href":"https:\/\/www.carrytableware.com\/fr\/wp-json\/wp\/v2\/product"}],"about":[{"href":"https:\/\/www.carrytableware.com\/fr\/wp-json\/wp\/v2\/types\/product"}],"wp:featuredmedia":[{"embeddable":true,"href":"https:\/\/www.carrytableware.com\/fr\/wp-json\/wp\/v2\/media\/1958"}],"wp:attachment":[{"href":"https:\/\/www.carrytableware.com\/fr\/wp-json\/wp\/v2\/media?parent=1796"}],"wp:term":[{"taxonomy":"product-category","embeddable":true,"href":"https:\/\/www.carrytableware.com\/fr\/wp-json\/wp\/v2\/product-category?post=1796"}],"curies":[{"name":"wp","href":"https:\/\/api.w.org\/{rel}","templated":true}]}}