{"id":1800,"date":"2025-02-17T12:26:42","date_gmt":"2025-02-17T12:26:42","guid":{"rendered":"https:\/\/www.carrytableware.com\/fr\/?post_type=product&#038;p=1800"},"modified":"2025-03-18T08:33:49","modified_gmt":"2025-03-18T08:33:49","slug":"bagasse-knife-fork-spoon","status":"publish","type":"product","link":"https:\/\/www.carrytableware.com\/fr\/blog\/product\/bagasse-knife-fork-spoon\/","title":{"rendered":"Couteau\/fourchette\/cuill\u00e8re \u00e0 bagasse"},"content":{"rendered":"<p>Couteau\/Fourchette\/Cuill\u00e8re en bagasse<br \/>\nMat\u00e9riau : bagasse<br \/>\nCouleur : naturel\/blanc<br \/>\nDimensions : Couteau\uff08158*26mm\uff09Fourchette\uff08158*31mm )Cuill\u00e8re\uff08158*36mm\uff09ou personnalis\u00e9e<br \/>\nEmballage : vrac\/plastique<br \/>\nCaract\u00e9ristiques : \u00e9cologique, compostable<br \/>\nPoids selon la taille<br \/>\nOEM\/ODM disponible<br \/>\nQuantit\u00e9 minimale de commande : 40\u00a0000 pi\u00e8ces<br \/>\nD\u00e9lai de livraison : 30 \u00e0 40 jours<br \/>\nConseils : \u00e0 usage unique, 100 % \u00e9cologique et biod\u00e9gradable.<\/p>\n<p>Ces couverts compostables en bagasse sont fabriqu\u00e9s \u00e0 partir de fibres naturelles, organiques et renouvelables, issues de la pulpe de canne \u00e0 sucre appel\u00e9e bagasse. Ces couteaux, fourchettes et cuill\u00e8res jetables \u00e9cologiques sont tr\u00e8s robustes et durables, parfaits pour les pique-niques, les barbecues, le camping, les f\u00eates et autres activit\u00e9s int\u00e9rieures et ext\u00e9rieures.<\/p>\n","protected":false},"excerpt":{"rendered":"<p>Couteau\/Fourchette\/Cuill\u00e8re en bagasse Mat\u00e9riau : bagasse Couleur : naturel\/blanc Dimensions : Couteau\uff08158*26mm\uff09Fourchette\uff08158*31mm )Cuill\u00e8re\uff08158*36mm\uff09ou personnalis\u00e9e Emballage : vrac\/plastique Caract\u00e9ristiques : \u00e9cologique, compostable Poids selon la taille OEM\/ODM disponible Quantit\u00e9 minimale de commande : 40\u00a0000 pi\u00e8ces D\u00e9lai de livraison : 30 \u00e0 40 jours Conseils : \u00e0 usage unique, 100 % \u00e9cologique et biod\u00e9gradable. Ces couverts compostables [&hellip;]<\/p>\n","protected":false},"featured_media":1950,"template":"","meta":{"_acf_changed":false},"product-category":[34],"class_list":["post-1800","product","type-product","status-publish","has-post-thumbnail","hentry","product-category-bagasse-coutellerie"],"acf":[],"_links":{"self":[{"href":"https:\/\/www.carrytableware.com\/fr\/wp-json\/wp\/v2\/product\/1800","targetHints":{"allow":["GET"]}}],"collection":[{"href":"https:\/\/www.carrytableware.com\/fr\/wp-json\/wp\/v2\/product"}],"about":[{"href":"https:\/\/www.carrytableware.com\/fr\/wp-json\/wp\/v2\/types\/product"}],"wp:featuredmedia":[{"embeddable":true,"href":"https:\/\/www.carrytableware.com\/fr\/wp-json\/wp\/v2\/media\/1950"}],"wp:attachment":[{"href":"https:\/\/www.carrytableware.com\/fr\/wp-json\/wp\/v2\/media?parent=1800"}],"wp:term":[{"taxonomy":"product-category","embeddable":true,"href":"https:\/\/www.carrytableware.com\/fr\/wp-json\/wp\/v2\/product-category?post=1800"}],"curies":[{"name":"wp","href":"https:\/\/api.w.org\/{rel}","templated":true}]}}