{"id":1808,"date":"2025-02-17T12:28:15","date_gmt":"2025-02-17T12:28:15","guid":{"rendered":"https:\/\/www.carrytableware.com\/fr\/?post_type=product&#038;p=1808"},"modified":"2025-03-18T08:31:02","modified_gmt":"2025-03-18T08:31:02","slug":"bagasse-paper-cups","status":"publish","type":"product","link":"https:\/\/www.carrytableware.com\/fr\/blog\/product\/bagasse-paper-cups\/","title":{"rendered":"Coupe de bagasse"},"content":{"rendered":"<p>Gobelet en papier de bagasse<br \/>\nMat\u00e9riau Bagasse<br \/>\nCouleur naturelle\/blanche<br \/>\nTaille 250ml 350ml ou personnalis\u00e9e<br \/>\nEmballage Vrac\/Opp<br \/>\nCaract\u00e9ristiques Respect de l&rsquo;environnement, compostable<br \/>\nPoids en fonction de la taille<br \/>\nOEM\/ODM disponible<br \/>\nMOQ 40000 PCS<br \/>\nD\u00e9lai de livraison 30-40 jours<br \/>\nConseils Usage unique, 100 % \u00e9cologique et biod\u00e9gradable.<\/p>\n<p>Fabriqu\u00e9s \u00e0 partir de bagasse de canne \u00e0 sucre, ces gobelets sont non seulement biod\u00e9gradables et compostables, mais aussi r\u00e9sistants \u00e0 l&rsquo;eau et \u00e0 l&rsquo;huile. Vous pouvez faire confiance \u00e0 la qualit\u00e9 de ces gobelets pour tous vos besoins en boissons chaudes. Gr\u00e2ce \u00e0 leur conception robuste et \u00e0 leur capacit\u00e9 \u00e0 contenir des aliments et des boissons chauds jusqu&rsquo;\u00e0 212 degr\u00e9s Celsius, ces gobelets sont une option polyvalente et \u00e9cologique pour tout \u00e9v\u00e9nement.<\/p>\n<p>Utilisations possibles de nos produits :<br \/>\n1. Plage de temp\u00e9rature applicable : -25\u2103 ~ 212\u2103.<br \/>\n2. R\u00e9sistant \u00e0 \u2266100\u2103 huile &amp; \u2266100\u2103 eau.<br \/>\n3. R\u00e9sistant au r\u00e9frig\u00e9rateur \/ cong\u00e9lateur.<br \/>\n4. Compatible avec les micro-ondes.<br \/>\n5. Convient au four : \u2266200\u2103, \u22663min.<\/p>\n","protected":false},"excerpt":{"rendered":"<p>Gobelet en papier de bagasse Mat\u00e9riau Bagasse Couleur naturelle\/blanche Taille 250ml 350ml ou personnalis\u00e9e Emballage Vrac\/Opp Caract\u00e9ristiques Respect de l&rsquo;environnement, compostable Poids en fonction de la taille OEM\/ODM disponible MOQ 40000 PCS D\u00e9lai de livraison 30-40 jours Conseils Usage unique, 100 % \u00e9cologique et biod\u00e9gradable. Fabriqu\u00e9s \u00e0 partir de bagasse de canne \u00e0 sucre, ces [&hellip;]<\/p>\n","protected":false},"featured_media":1947,"template":"","meta":{"_acf_changed":false},"product-category":[34],"class_list":["post-1808","product","type-product","status-publish","has-post-thumbnail","hentry","product-category-bagasse-coutellerie"],"acf":[],"_links":{"self":[{"href":"https:\/\/www.carrytableware.com\/fr\/wp-json\/wp\/v2\/product\/1808","targetHints":{"allow":["GET"]}}],"collection":[{"href":"https:\/\/www.carrytableware.com\/fr\/wp-json\/wp\/v2\/product"}],"about":[{"href":"https:\/\/www.carrytableware.com\/fr\/wp-json\/wp\/v2\/types\/product"}],"wp:featuredmedia":[{"embeddable":true,"href":"https:\/\/www.carrytableware.com\/fr\/wp-json\/wp\/v2\/media\/1947"}],"wp:attachment":[{"href":"https:\/\/www.carrytableware.com\/fr\/wp-json\/wp\/v2\/media?parent=1808"}],"wp:term":[{"taxonomy":"product-category","embeddable":true,"href":"https:\/\/www.carrytableware.com\/fr\/wp-json\/wp\/v2\/product-category?post=1808"}],"curies":[{"name":"wp","href":"https:\/\/api.w.org\/{rel}","templated":true}]}}