{"id":1811,"date":"2025-02-17T12:29:54","date_gmt":"2025-02-17T12:29:54","guid":{"rendered":"https:\/\/www.carrytableware.com\/fr\/?post_type=product&#038;p=1811"},"modified":"2025-03-18T08:29:28","modified_gmt":"2025-03-18T08:29:28","slug":"bagasse-plates","status":"publish","type":"product","link":"https:\/\/www.carrytableware.com\/fr\/blog\/product\/bagasse-plates\/","title":{"rendered":"Plaque de bagasse"},"content":{"rendered":"<p>Plaque en bagasse<br \/>\nMat\u00e9riau Bagasse<br \/>\nCouleur blanche<br \/>\nTaille 6in 7in 8in 9in 10in 11in ou personnalis\u00e9e<br \/>\nEmballage Vrac\/Opp<br \/>\nCaract\u00e9ristiques \u00c9cologique, Compostable<br \/>\nPoids en fonction de la taille<br \/>\nOEM\/ODM disponible<br \/>\nMOQ 40000 PCS<br \/>\nD\u00e9lai de livraison 30-40 jours<br \/>\nConseils Usage unique, 100 % \u00e9cologique et biod\u00e9gradable.<\/p>\n<p>Fabriqu\u00e9 \u00e0 partir de bagasse de canne \u00e0 sucre, ce plat est biod\u00e9gradable et compostable. Il est \u00e9galement imperm\u00e9able et r\u00e9sistant \u00e0 l&rsquo;huile. S\u00fbr pour le micro-ondes et le r\u00e9frig\u00e9rateur\/cong\u00e9lateur, il peut contenir des aliments et des boissons chauds jusqu&rsquo;\u00e0 212 degr\u00e9s Celsius.<\/p>\n<p>Utilisations possibles de nos produits :<br \/>\n1. Plage de temp\u00e9rature applicable : -25\u2103 ~ 212\u2103.<br \/>\n2. R\u00e9sistant \u00e0 \u2266100\u2103 huile &amp; \u2266100\u2103 eau.<br \/>\n3. R\u00e9sistant au r\u00e9frig\u00e9rateur \/ cong\u00e9lateur.<br \/>\n4. Compatible avec les micro-ondes.<br \/>\n5. Convient au four : \u2266200\u2103, \u22663min.<\/p>\n","protected":false},"excerpt":{"rendered":"<p>Plaque en bagasse Mat\u00e9riau Bagasse Couleur blanche Taille 6in 7in 8in 9in 10in 11in ou personnalis\u00e9e Emballage Vrac\/Opp Caract\u00e9ristiques \u00c9cologique, Compostable Poids en fonction de la taille OEM\/ODM disponible MOQ 40000 PCS D\u00e9lai de livraison 30-40 jours Conseils Usage unique, 100 % \u00e9cologique et biod\u00e9gradable. Fabriqu\u00e9 \u00e0 partir de bagasse de canne \u00e0 sucre, ce [&hellip;]<\/p>\n","protected":false},"featured_media":1941,"template":"","meta":{"_acf_changed":false},"product-category":[34],"class_list":["post-1811","product","type-product","status-publish","has-post-thumbnail","hentry","product-category-bagasse-coutellerie"],"acf":[],"_links":{"self":[{"href":"https:\/\/www.carrytableware.com\/fr\/wp-json\/wp\/v2\/product\/1811","targetHints":{"allow":["GET"]}}],"collection":[{"href":"https:\/\/www.carrytableware.com\/fr\/wp-json\/wp\/v2\/product"}],"about":[{"href":"https:\/\/www.carrytableware.com\/fr\/wp-json\/wp\/v2\/types\/product"}],"wp:featuredmedia":[{"embeddable":true,"href":"https:\/\/www.carrytableware.com\/fr\/wp-json\/wp\/v2\/media\/1941"}],"wp:attachment":[{"href":"https:\/\/www.carrytableware.com\/fr\/wp-json\/wp\/v2\/media?parent=1811"}],"wp:term":[{"taxonomy":"product-category","embeddable":true,"href":"https:\/\/www.carrytableware.com\/fr\/wp-json\/wp\/v2\/product-category?post=1811"}],"curies":[{"name":"wp","href":"https:\/\/api.w.org\/{rel}","templated":true}]}}