{"id":1817,"date":"2025-02-17T12:31:45","date_gmt":"2025-02-17T12:31:45","guid":{"rendered":"https:\/\/www.carrytableware.com\/fr\/?post_type=product&#038;p=1817"},"modified":"2025-03-18T08:28:32","modified_gmt":"2025-03-18T08:28:32","slug":"bagasse-food-container","status":"publish","type":"product","link":"https:\/\/www.carrytableware.com\/fr\/blog\/product\/bagasse-food-container\/","title":{"rendered":"Bo\u00eete en bagasse"},"content":{"rendered":"<p>Bo\u00eete en bagasse<br \/>\nMat\u00e9riau Bagasse<br \/>\nCouleur blanche<br \/>\nTaille 130*130*75mm 140*140*80mm 150*150*80mm ou personnalis\u00e9e<br \/>\nEmballage Vrac\/Opp<br \/>\nCaract\u00e9ristiques Respect de l&rsquo;environnement, compostable<br \/>\nPoids en fonction de la taille<br \/>\nOEM\/ODM disponible<br \/>\nMOQ 30000 PCS<br \/>\nD\u00e9lai de livraison 30-40 jours<br \/>\nConseils Usage unique, 100 % \u00e9cologique et biod\u00e9gradable.<\/p>\n<p>Fabriqu\u00e9 \u00e0 partir de bagasse de canne \u00e0 sucre, ce plat est biod\u00e9gradable et compostable. Il est \u00e9galement imperm\u00e9able et r\u00e9sistant \u00e0 l&rsquo;huile. Il peut \u00eatre utilis\u00e9 au micro-ondes, au r\u00e9frig\u00e9rateur et au cong\u00e9lateur et peut contenir des aliments et des boissons chauds jusqu&rsquo;\u00e0 212 degr\u00e9s Celsius.<br \/>\nApplication : Maison, restaurant, h\u00f4tel, bar, mariage<br \/>\nUtilisation : R\u00e9cipient \u00e0 emporter, emballage alimentaire, bo\u00eete \u00e0 lunch, hamburger, table.<\/p>\n","protected":false},"excerpt":{"rendered":"<p>Bo\u00eete en bagasse Mat\u00e9riau Bagasse Couleur blanche Taille 130*130*75mm 140*140*80mm 150*150*80mm ou personnalis\u00e9e Emballage Vrac\/Opp Caract\u00e9ristiques Respect de l&rsquo;environnement, compostable Poids en fonction de la taille OEM\/ODM disponible MOQ 30000 PCS D\u00e9lai de livraison 30-40 jours Conseils Usage unique, 100 % \u00e9cologique et biod\u00e9gradable. Fabriqu\u00e9 \u00e0 partir de bagasse de canne \u00e0 sucre, ce plat [&hellip;]<\/p>\n","protected":false},"featured_media":1939,"template":"","meta":{"_acf_changed":false},"product-category":[34],"class_list":["post-1817","product","type-product","status-publish","has-post-thumbnail","hentry","product-category-bagasse-coutellerie"],"acf":[],"_links":{"self":[{"href":"https:\/\/www.carrytableware.com\/fr\/wp-json\/wp\/v2\/product\/1817","targetHints":{"allow":["GET"]}}],"collection":[{"href":"https:\/\/www.carrytableware.com\/fr\/wp-json\/wp\/v2\/product"}],"about":[{"href":"https:\/\/www.carrytableware.com\/fr\/wp-json\/wp\/v2\/types\/product"}],"wp:featuredmedia":[{"embeddable":true,"href":"https:\/\/www.carrytableware.com\/fr\/wp-json\/wp\/v2\/media\/1939"}],"wp:attachment":[{"href":"https:\/\/www.carrytableware.com\/fr\/wp-json\/wp\/v2\/media?parent=1817"}],"wp:term":[{"taxonomy":"product-category","embeddable":true,"href":"https:\/\/www.carrytableware.com\/fr\/wp-json\/wp\/v2\/product-category?post=1817"}],"curies":[{"name":"wp","href":"https:\/\/api.w.org\/{rel}","templated":true}]}}