{"id":1869,"date":"2025-02-18T07:27:59","date_gmt":"2025-02-18T07:27:59","guid":{"rendered":"https:\/\/www.carrytableware.com\/fr\/?post_type=product&#038;p=1869"},"modified":"2025-03-18T08:27:03","modified_gmt":"2025-03-18T08:27:03","slug":"bamboo-teppo-skewers","status":"publish","type":"product","link":"https:\/\/www.carrytableware.com\/fr\/blog\/product\/bamboo-teppo-skewers\/","title":{"rendered":"Brochette Teppo en bambou"},"content":{"rendered":"<p>Brochette Teppo en bambou<br \/>\nApplication M\u00e9nage, Pub Rrestaurant, Charcuterie, H\u00f4tel<br \/>\nMat\u00e9riau Bambou<br \/>\nCouleur naturelle\/jaune<br \/>\nLongueur normale 7cm, 9cm, 12cm, 15cm, 18cm, 25cm, sur mesure<br \/>\nEmballage OPP<br \/>\nCaract\u00e9ristiques Respect de l&rsquo;environnement, compostable<br \/>\nPoids en fonction de la taille<br \/>\nOEM\/ODM disponible<br \/>\nMOQ 100000 PCS<br \/>\nD\u00e9lai de livraison 30-40 jours<br \/>\nConseils Usage unique, 100% \u00e9cologique et biod\u00e9gradable.<\/p>\n","protected":false},"excerpt":{"rendered":"<p>Brochette Teppo en bambou Application M\u00e9nage, Pub Rrestaurant, Charcuterie, H\u00f4tel Mat\u00e9riau Bambou Couleur naturelle\/jaune Longueur normale 7cm, 9cm, 12cm, 15cm, 18cm, 25cm, sur mesure Emballage OPP Caract\u00e9ristiques Respect de l&rsquo;environnement, compostable Poids en fonction de la taille OEM\/ODM disponible MOQ 100000 PCS D\u00e9lai de livraison 30-40 jours Conseils Usage unique, 100% \u00e9cologique et biod\u00e9gradable.<\/p>\n","protected":false},"featured_media":1933,"template":"","meta":{"_acf_changed":false},"product-category":[23],"class_list":["post-1869","product","type-product","status-publish","has-post-thumbnail","hentry","product-category-brochette-bambou"],"acf":[],"_links":{"self":[{"href":"https:\/\/www.carrytableware.com\/fr\/wp-json\/wp\/v2\/product\/1869","targetHints":{"allow":["GET"]}}],"collection":[{"href":"https:\/\/www.carrytableware.com\/fr\/wp-json\/wp\/v2\/product"}],"about":[{"href":"https:\/\/www.carrytableware.com\/fr\/wp-json\/wp\/v2\/types\/product"}],"wp:featuredmedia":[{"embeddable":true,"href":"https:\/\/www.carrytableware.com\/fr\/wp-json\/wp\/v2\/media\/1933"}],"wp:attachment":[{"href":"https:\/\/www.carrytableware.com\/fr\/wp-json\/wp\/v2\/media?parent=1869"}],"wp:term":[{"taxonomy":"product-category","embeddable":true,"href":"https:\/\/www.carrytableware.com\/fr\/wp-json\/wp\/v2\/product-category?post=1869"}],"curies":[{"name":"wp","href":"https:\/\/api.w.org\/{rel}","templated":true}]}}