{"id":2149,"date":"2025-02-24T14:21:18","date_gmt":"2025-02-24T14:21:18","guid":{"rendered":"https:\/\/www.carrytableware.com\/fr\/?post_type=product&#038;p=2149"},"modified":"2025-03-18T08:18:39","modified_gmt":"2025-03-18T08:18:39","slug":"wooden-square-plate","status":"publish","type":"product","link":"https:\/\/www.carrytableware.com\/fr\/blog\/product\/wooden-square-plate\/","title":{"rendered":"Assiette carr\u00e9e en bois"},"content":{"rendered":"<p>Assiette carr\u00e9e en bois<br \/>\nMat\u00e9riau Bois<br \/>\nCouleur naturelle<br \/>\nTaille 150*150mm 210*210mm ou personnalis\u00e9e<br \/>\nEmballage OPP<br \/>\nCaract\u00e9ristiques Respect de l&rsquo;environnement, compostable<br \/>\nPoids en fonction de la taille<br \/>\nOEM\/ODM disponible<br \/>\nMOQ 100000 PCS<br \/>\nD\u00e9lai de livraison 30-40 jours<br \/>\nConseils Usage unique, 100% \u00e9cologique et biod\u00e9gradable.<\/p>\n<p>Ces assiettes sont de belles alternatives pratiques aux assiettes en papier ou en plastique pour la d\u00e9coration des tables de f\u00eate.<br \/>\nMat\u00e9riau s\u00fbr : Le bois naturel utilis\u00e9 pour fabriquer ces assiettes ap\u00e9ritives est sans danger pour la sant\u00e9 et incroyablement durable, vous pouvez donc les utiliser pour d\u00e9corer votre table avec style.<br \/>\nTaille adapt\u00e9e : Lors d&rsquo;\u00e9v\u00e9nements de restauration, nos assiettes en bois jetables conviennent pour servir une large gamme d&rsquo;aliments, notamment des g\u00e2teaux, des sushis et des amuse-gueules.<br \/>\nDesign jetable : Ces assiettes en bois \u00e9l\u00e9gantes sont press\u00e9es \u00e0 la machine sans colle. Le design jetable ne n\u00e9cessite pas d&rsquo;entretien ou de nettoyage, il suffit de les jeter \u00e0 la poubelle lorsque vous avez fini de les utiliser pour \u00e9conomiser du temps et des efforts.<\/p>\n","protected":false},"excerpt":{"rendered":"<p>Assiette carr\u00e9e en bois Mat\u00e9riau Bois Couleur naturelle Taille 150*150mm 210*210mm ou personnalis\u00e9e Emballage OPP Caract\u00e9ristiques Respect de l&rsquo;environnement, compostable Poids en fonction de la taille OEM\/ODM disponible MOQ 100000 PCS D\u00e9lai de livraison 30-40 jours Conseils Usage unique, 100% \u00e9cologique et biod\u00e9gradable. Ces assiettes sont de belles alternatives pratiques aux assiettes en papier ou [&hellip;]<\/p>\n","protected":false},"featured_media":2150,"template":"","meta":{"_acf_changed":false},"product-category":[31],"class_list":["post-2149","product","type-product","status-publish","has-post-thumbnail","hentry","product-category-couverts-bois"],"acf":[],"_links":{"self":[{"href":"https:\/\/www.carrytableware.com\/fr\/wp-json\/wp\/v2\/product\/2149","targetHints":{"allow":["GET"]}}],"collection":[{"href":"https:\/\/www.carrytableware.com\/fr\/wp-json\/wp\/v2\/product"}],"about":[{"href":"https:\/\/www.carrytableware.com\/fr\/wp-json\/wp\/v2\/types\/product"}],"wp:featuredmedia":[{"embeddable":true,"href":"https:\/\/www.carrytableware.com\/fr\/wp-json\/wp\/v2\/media\/2150"}],"wp:attachment":[{"href":"https:\/\/www.carrytableware.com\/fr\/wp-json\/wp\/v2\/media?parent=2149"}],"wp:term":[{"taxonomy":"product-category","embeddable":true,"href":"https:\/\/www.carrytableware.com\/fr\/wp-json\/wp\/v2\/product-category?post=2149"}],"curies":[{"name":"wp","href":"https:\/\/api.w.org\/{rel}","templated":true}]}}