{"id":2486,"date":"2025-06-11T10:32:55","date_gmt":"2025-06-11T10:32:55","guid":{"rendered":"https:\/\/www.carrytableware.com\/fr\/?post_type=product&#038;p=2486"},"modified":"2025-06-12T03:03:15","modified_gmt":"2025-06-12T03:03:15","slug":"assiette-a-pizza-en-bambou","status":"publish","type":"product","link":"https:\/\/www.carrytableware.com\/fr\/blog\/product\/assiette-a-pizza-en-bambou\/","title":{"rendered":"Assiette \u00e0 pizza en bambou"},"content":{"rendered":"<p>Assiette \u00e0 pizza en bambou<br \/>\nMat\u00e9riau : bambou<br \/>\nCouleur : naturel<br \/>\nDimensions : 15, 18, 20, 25, 28, 30, 30 cm ou sur mesure<br \/>\nEmballage : carton<br \/>\nCaract\u00e9ristiques : \u00e9cologique et compostable<br \/>\nPoids selon la taille<br \/>\nOEM\/ODM disponible<br \/>\nQuantit\u00e9 minimale de commande : 3000 pi\u00e8ces<br \/>\nD\u00e9lai de livraison : 30-40 jours<br \/>\n100 % \u00e9cologique et biod\u00e9gradable<\/p>\n","protected":false},"excerpt":{"rendered":"<p>Assiette \u00e0 pizza en bambou Mat\u00e9riau : bambou Couleur : naturel Dimensions : 15, 18, 20, 25, 28, 30, 30 cm ou sur mesure Emballage : carton Caract\u00e9ristiques : \u00e9cologique et compostable Poids selon la taille OEM\/ODM disponible Quantit\u00e9 minimale de commande : 3000 pi\u00e8ces D\u00e9lai de livraison : 30-40 jours 100 % \u00e9cologique et [&hellip;]<\/p>\n","protected":false},"featured_media":2489,"template":"","meta":{"_acf_changed":false},"product-category":[38],"class_list":["post-2486","product","type-product","status-publish","has-post-thumbnail","hentry","product-category-planche-en-bambou"],"acf":[],"_links":{"self":[{"href":"https:\/\/www.carrytableware.com\/fr\/wp-json\/wp\/v2\/product\/2486","targetHints":{"allow":["GET"]}}],"collection":[{"href":"https:\/\/www.carrytableware.com\/fr\/wp-json\/wp\/v2\/product"}],"about":[{"href":"https:\/\/www.carrytableware.com\/fr\/wp-json\/wp\/v2\/types\/product"}],"wp:featuredmedia":[{"embeddable":true,"href":"https:\/\/www.carrytableware.com\/fr\/wp-json\/wp\/v2\/media\/2489"}],"wp:attachment":[{"href":"https:\/\/www.carrytableware.com\/fr\/wp-json\/wp\/v2\/media?parent=2486"}],"wp:term":[{"taxonomy":"product-category","embeddable":true,"href":"https:\/\/www.carrytableware.com\/fr\/wp-json\/wp\/v2\/product-category?post=2486"}],"curies":[{"name":"wp","href":"https:\/\/api.w.org\/{rel}","templated":true}]}}