{"id":2490,"date":"2025-06-12T09:38:57","date_gmt":"2025-06-12T09:38:57","guid":{"rendered":"https:\/\/www.carrytableware.com\/fr\/?post_type=product&#038;p=2490"},"modified":"2025-06-12T09:38:57","modified_gmt":"2025-06-12T09:38:57","slug":"plateau-de-service-rond-en-bambou","status":"publish","type":"product","link":"https:\/\/www.carrytableware.com\/fr\/blog\/product\/plateau-de-service-rond-en-bambou\/","title":{"rendered":"Plateau de service rond en bambou"},"content":{"rendered":"<p>Plateau de service rond en bambou<br \/>\nMat\u00e9riau : bambou<br \/>\nCouleur : naturel<br \/>\nDimensions personnalisables<br \/>\nEmballage : carton<br \/>\nCaract\u00e9ristiques : \u00e9cologique et compostable<br \/>\nPoids selon la taille<br \/>\nOEM\/ODM disponible<br \/>\nQuantit\u00e9 minimale de commande : 3000 pi\u00e8ces<br \/>\nD\u00e9lai de livraison : 30-40 jours<br \/>\n100 % \u00e9cologique et biod\u00e9gradable<\/p>\n","protected":false},"excerpt":{"rendered":"<p>Plateau de service rond en bambou Mat\u00e9riau : bambou Couleur : naturel Dimensions personnalisables Emballage : carton Caract\u00e9ristiques : \u00e9cologique et compostable Poids selon la taille OEM\/ODM disponible Quantit\u00e9 minimale de commande : 3000 pi\u00e8ces D\u00e9lai de livraison : 30-40 jours 100 % \u00e9cologique et biod\u00e9gradable<\/p>\n","protected":false},"featured_media":2492,"template":"","meta":{"_acf_changed":false},"product-category":[38],"class_list":["post-2490","product","type-product","status-publish","has-post-thumbnail","hentry","product-category-planche-en-bambou"],"acf":[],"_links":{"self":[{"href":"https:\/\/www.carrytableware.com\/fr\/wp-json\/wp\/v2\/product\/2490","targetHints":{"allow":["GET"]}}],"collection":[{"href":"https:\/\/www.carrytableware.com\/fr\/wp-json\/wp\/v2\/product"}],"about":[{"href":"https:\/\/www.carrytableware.com\/fr\/wp-json\/wp\/v2\/types\/product"}],"wp:featuredmedia":[{"embeddable":true,"href":"https:\/\/www.carrytableware.com\/fr\/wp-json\/wp\/v2\/media\/2492"}],"wp:attachment":[{"href":"https:\/\/www.carrytableware.com\/fr\/wp-json\/wp\/v2\/media?parent=2490"}],"wp:term":[{"taxonomy":"product-category","embeddable":true,"href":"https:\/\/www.carrytableware.com\/fr\/wp-json\/wp\/v2\/product-category?post=2490"}],"curies":[{"name":"wp","href":"https:\/\/api.w.org\/{rel}","templated":true}]}}