{"id":1774,"date":"2025-02-17T12:11:32","date_gmt":"2025-02-17T12:11:32","guid":{"rendered":"https:\/\/www.carrytableware.com\/it\/?post_type=product&#038;p=1774"},"modified":"2025-03-19T03:45:50","modified_gmt":"2025-03-19T03:45:50","slug":"wooden-tasting-cones","status":"publish","type":"product","link":"https:\/\/www.carrytableware.com\/it\/blog\/product\/wooden-tasting-cones\/","title":{"rendered":"Cono di degustazione in legno"},"content":{"rendered":"<p>Cono di degustazione in legno<br \/>\nMateriale Legno<br \/>\nColore Naturale<br \/>\nDimensioni 50*125mm 60*155mm 70*180mm 100*240mm o personalizzato<br \/>\nImballaggio OPP<br \/>\nCaratteristiche Ecologico, compostabile<br \/>\nPeso in base alle dimensioni<br \/>\nOEM\/ODM disponibile<br \/>\nMOQ 100000 pezzi<br \/>\nTempo di consegna 30-40 giorni<br \/>\nSuggerimenti Monouso, 100% ecologico e biodegradabile.<br \/>\nConi per antipasti realizzati in materiale di legno, semplici nella struttura, facili da usare e facili da tenere in mano. La lavorazione \u00e8 fine e l&#8217;interfaccia strettamente collegata pu\u00f2 avvolgere bene il cibo. Pu\u00f2 essere utilizzato per avvolgere e posizionare dessert, gelati, caramelle e altri snack.<\/p>\n","protected":false},"excerpt":{"rendered":"<p>Cono di degustazione in legno Materiale Legno Colore Naturale Dimensioni 50*125mm 60*155mm 70*180mm 100*240mm o personalizzato Imballaggio OPP Caratteristiche Ecologico, compostabile Peso in base alle dimensioni OEM\/ODM disponibile MOQ 100000 pezzi Tempo di consegna 30-40 giorni Suggerimenti Monouso, 100% ecologico e biodegradabile. Coni per antipasti realizzati in materiale di legno, semplici nella struttura, facili da [&hellip;]<\/p>\n","protected":false},"featured_media":1978,"template":"","meta":{"_acf_changed":false},"product-category":[33],"class_list":["post-1774","product","type-product","status-publish","has-post-thumbnail","hentry","product-category-altro-legno"],"acf":[],"_links":{"self":[{"href":"https:\/\/www.carrytableware.com\/it\/wp-json\/wp\/v2\/product\/1774","targetHints":{"allow":["GET"]}}],"collection":[{"href":"https:\/\/www.carrytableware.com\/it\/wp-json\/wp\/v2\/product"}],"about":[{"href":"https:\/\/www.carrytableware.com\/it\/wp-json\/wp\/v2\/types\/product"}],"wp:featuredmedia":[{"embeddable":true,"href":"https:\/\/www.carrytableware.com\/it\/wp-json\/wp\/v2\/media\/1978"}],"wp:attachment":[{"href":"https:\/\/www.carrytableware.com\/it\/wp-json\/wp\/v2\/media?parent=1774"}],"wp:term":[{"taxonomy":"product-category","embeddable":true,"href":"https:\/\/www.carrytableware.com\/it\/wp-json\/wp\/v2\/product-category?post=1774"}],"curies":[{"name":"wp","href":"https:\/\/api.w.org\/{rel}","templated":true}]}}