{"id":1779,"date":"2025-02-17T12:15:38","date_gmt":"2025-02-17T12:15:38","guid":{"rendered":"https:\/\/www.carrytableware.com\/it\/?post_type=product&#038;p=1779"},"modified":"2025-03-19T03:45:13","modified_gmt":"2025-03-19T03:45:13","slug":"paper-cups","status":"publish","type":"product","link":"https:\/\/www.carrytableware.com\/it\/blog\/product\/paper-cups\/","title":{"rendered":"Bicchieri di carta"},"content":{"rendered":"<p>Tazza di carta<br \/>\nMateriale Carta<br \/>\nColore Naturale\/Bianco<br \/>\nDimensioni 200 ml 275 ml o personalizzate<br \/>\nConfezione Bulk<br \/>\nCaratteristiche Ecologico, Compostabile<br \/>\nPeso In base alle dimensioni<br \/>\nOEM\/ODM Disponibile<br \/>\nMOQ 40000 PZ<br \/>\nTempo di consegna 30-40 giorni<br \/>\nSuggerimenti Monouso, 100% ecologico e biodegradabile.<\/p>\n<p>Materiale: Le nostre tazze sono realizzate con la migliore carta per uso alimentare, il bordo arrotolato \u00e8 progettato per aumentare la rigidit\u00e0 e la resistenza delle tazze di carta e prevenire la fuoriuscita accidentale di liquidi, Queste tazze da caff\u00e8, perfette per portare via il tuo caff\u00e8, t\u00e8 o bevande.<br \/>\nComodo ed ecologico: Getta nella spazzatura dopo l&#8217;uso per evitare una pulizia profonda, Queste tazze di carta usate possono essere riciclate, non causeranno alcun inquinamento all&#8217;ambiente. I nostri prodotti sono buoni sostituti dei prodotti in plastica.<br \/>\nAmpie occasioni: Bicchieri di carta monouso ideali per uso domestico o commerciale. Perfetto per famiglie, scuole, uffici, eventi sportivi, bar, raccolte fondi, ristoranti, chiese, club e per intrattenere i tuoi ospiti.<\/p>\n","protected":false},"excerpt":{"rendered":"<p>Tazza di carta Materiale Carta Colore Naturale\/Bianco Dimensioni 200 ml 275 ml o personalizzate Confezione Bulk Caratteristiche Ecologico, Compostabile Peso In base alle dimensioni OEM\/ODM Disponibile MOQ 40000 PZ Tempo di consegna 30-40 giorni Suggerimenti Monouso, 100% ecologico e biodegradabile. Materiale: Le nostre tazze sono realizzate con la migliore carta per uso alimentare, il bordo [&hellip;]<\/p>\n","protected":false},"featured_media":1976,"template":"","meta":{"_acf_changed":false},"product-category":[36],"class_list":["post-1779","product","type-product","status-publish","has-post-thumbnail","hentry","product-category-paper-paper"],"acf":[],"_links":{"self":[{"href":"https:\/\/www.carrytableware.com\/it\/wp-json\/wp\/v2\/product\/1779","targetHints":{"allow":["GET"]}}],"collection":[{"href":"https:\/\/www.carrytableware.com\/it\/wp-json\/wp\/v2\/product"}],"about":[{"href":"https:\/\/www.carrytableware.com\/it\/wp-json\/wp\/v2\/types\/product"}],"wp:featuredmedia":[{"embeddable":true,"href":"https:\/\/www.carrytableware.com\/it\/wp-json\/wp\/v2\/media\/1976"}],"wp:attachment":[{"href":"https:\/\/www.carrytableware.com\/it\/wp-json\/wp\/v2\/media?parent=1779"}],"wp:term":[{"taxonomy":"product-category","embeddable":true,"href":"https:\/\/www.carrytableware.com\/it\/wp-json\/wp\/v2\/product-category?post=1779"}],"curies":[{"name":"wp","href":"https:\/\/api.w.org\/{rel}","templated":true}]}}