{"id":1517,"date":"2025-02-14T08:33:16","date_gmt":"2025-02-14T08:33:16","guid":{"rendered":"https:\/\/www.carrytableware.com\/pt\/?post_type=product&#038;p=1517"},"modified":"2025-03-19T07:41:31","modified_gmt":"2025-03-19T07:41:31","slug":"bamboo-flat-skewer","status":"publish","type":"product","link":"https:\/\/www.carrytableware.com\/pt\/blog\/product\/bamboo-flat-skewer\/","title":{"rendered":"Espeto de Bambu Achatado"},"content":{"rendered":"<p>Espeto de Bambu<br \/>\nAplica\u00e7\u00e3o Churrasco Dom\u00e9stico, Pub, Restaurante, Delicatessen, Buffet<br \/>\nMaterial 100% bambu natural<br \/>\nCor Natural ou marrom carbonizado<br \/>\nTamanho 3*9*200mm 3*9*250mm 3*10*200mm 3*10*300mm ou personalizado<br \/>\nCaracter\u00edsticas Ecol\u00f3gico, Compost\u00e1vel<br \/>\nPeso Baseado no tamanho<br \/>\nOEM\/ODM Dispon\u00edvel<br \/>\nMOQ 100000 PCS<br \/>\nTempo de Entrega 30-40 Dias<br \/>\nDicas Uso \u00fanico, 100% ecol\u00f3gico e biodegrad\u00e1vel.<\/p>\n","protected":false},"excerpt":{"rendered":"<p>Espeto de Bambu Aplica\u00e7\u00e3o Churrasco Dom\u00e9stico, Pub, Restaurante, Delicatessen, Buffet Material 100% bambu natural Cor Natural ou marrom carbonizado Tamanho 3*9*200mm 3*9*250mm 3*10*200mm 3*10*300mm ou personalizado Caracter\u00edsticas Ecol\u00f3gico, Compost\u00e1vel Peso Baseado no tamanho OEM\/ODM Dispon\u00edvel MOQ 100000 PCS Tempo de Entrega 30-40 Dias Dicas Uso \u00fanico, 100% ecol\u00f3gico e biodegrad\u00e1vel.<\/p>\n","protected":false},"featured_media":2134,"template":"","meta":{"_acf_changed":false},"product-category":[23],"class_list":["post-1517","product","type-product","status-publish","has-post-thumbnail","hentry","product-category-espeto-bambu"],"acf":[],"_links":{"self":[{"href":"https:\/\/www.carrytableware.com\/pt\/wp-json\/wp\/v2\/product\/1517","targetHints":{"allow":["GET"]}}],"collection":[{"href":"https:\/\/www.carrytableware.com\/pt\/wp-json\/wp\/v2\/product"}],"about":[{"href":"https:\/\/www.carrytableware.com\/pt\/wp-json\/wp\/v2\/types\/product"}],"wp:featuredmedia":[{"embeddable":true,"href":"https:\/\/www.carrytableware.com\/pt\/wp-json\/wp\/v2\/media\/2134"}],"wp:attachment":[{"href":"https:\/\/www.carrytableware.com\/pt\/wp-json\/wp\/v2\/media?parent=1517"}],"wp:term":[{"taxonomy":"product-category","embeddable":true,"href":"https:\/\/www.carrytableware.com\/pt\/wp-json\/wp\/v2\/product-category?post=1517"}],"curies":[{"name":"wp","href":"https:\/\/api.w.org\/{rel}","templated":true}]}}