{"id":1594,"date":"2025-02-16T03:12:09","date_gmt":"2025-02-16T03:12:09","guid":{"rendered":"https:\/\/www.carrytableware.com\/pt\/?post_type=product&#038;p=1594"},"modified":"2025-03-19T07:22:04","modified_gmt":"2025-03-19T07:22:04","slug":"bamboo-toothpicks-in-bottles","status":"publish","type":"product","link":"https:\/\/www.carrytableware.com\/pt\/blog\/product\/bamboo-toothpicks-in-bottles\/","title":{"rendered":"Palitos de bambu em garrafa"},"content":{"rendered":"<p>Palito de dente de bambu<br \/>\nAplica\u00e7\u00e3o Dom\u00e9stico, Pub Rrestaurant, Deli store, Hotel<br \/>\nMaterial Bambu ou madeira<br \/>\nCor Natural<br \/>\nTamanho 6,5 cm * 2,0 mm 6,5 cm * 1,8 mm ou personalizado<br \/>\nEmbalagem A granel\/OPP\/embrulhado em papel<br \/>\nCaracter\u00edsticas Ecol\u00f3gico, Compost\u00e1vel<br \/>\nPeso com base no tamanho<br \/>\nOEM\/ODM dispon\u00edvel<br \/>\nMOQ 100000 PCS<br \/>\nTempo de entrega 30-40 dias<br \/>\nDicas Uso \u00fanico apenas, 100% ecol\u00f3gico e biodegrad\u00e1vel.<\/p>\n","protected":false},"excerpt":{"rendered":"<p>Palito de dente de bambu Aplica\u00e7\u00e3o Dom\u00e9stico, Pub Rrestaurant, Deli store, Hotel Material Bambu ou madeira Cor Natural Tamanho 6,5 cm * 2,0 mm 6,5 cm * 1,8 mm ou personalizado Embalagem A granel\/OPP\/embrulhado em papel Caracter\u00edsticas Ecol\u00f3gico, Compost\u00e1vel Peso com base no tamanho OEM\/ODM dispon\u00edvel MOQ 100000 PCS Tempo de entrega 30-40 dias Dicas [&hellip;]<\/p>\n","protected":false},"featured_media":2129,"template":"","meta":{"_acf_changed":false},"product-category":[24],"class_list":["post-1594","product","type-product","status-publish","has-post-thumbnail","hentry","product-category-palito-de-dente"],"acf":[],"_links":{"self":[{"href":"https:\/\/www.carrytableware.com\/pt\/wp-json\/wp\/v2\/product\/1594","targetHints":{"allow":["GET"]}}],"collection":[{"href":"https:\/\/www.carrytableware.com\/pt\/wp-json\/wp\/v2\/product"}],"about":[{"href":"https:\/\/www.carrytableware.com\/pt\/wp-json\/wp\/v2\/types\/product"}],"wp:featuredmedia":[{"embeddable":true,"href":"https:\/\/www.carrytableware.com\/pt\/wp-json\/wp\/v2\/media\/2129"}],"wp:attachment":[{"href":"https:\/\/www.carrytableware.com\/pt\/wp-json\/wp\/v2\/media?parent=1594"}],"wp:term":[{"taxonomy":"product-category","embeddable":true,"href":"https:\/\/www.carrytableware.com\/pt\/wp-json\/wp\/v2\/product-category?post=1594"}],"curies":[{"name":"wp","href":"https:\/\/api.w.org\/{rel}","templated":true}]}}