{"id":1641,"date":"2025-02-17T10:24:36","date_gmt":"2025-02-17T10:24:36","guid":{"rendered":"https:\/\/www.carrytableware.com\/pt\/?post_type=product&#038;p=1641"},"modified":"2025-03-19T07:10:01","modified_gmt":"2025-03-19T07:10:01","slug":"bamboo-knife","status":"publish","type":"product","link":"https:\/\/www.carrytableware.com\/pt\/blog\/product\/bamboo-knife\/","title":{"rendered":"faca de bambu descart\u00e1vel"},"content":{"rendered":"<p>faca de bambu descart\u00e1vel<br \/>\nAplica\u00e7\u00e3o Restaurante, loja de frios, rede de fast food<br \/>\nMaterial 100% bambu natural<br \/>\nCor Marrom carbonizado ou natural<br \/>\nTamanho 17 cm ou personalizado<br \/>\nCaracter\u00edsticas Ecol\u00f3gico, compost\u00e1vel<br \/>\nPeso com base no tamanho<br \/>\nOEM\/ODM dispon\u00edvel<br \/>\nMOQ 10000 PCS<br \/>\nTempo de entrega 30-40 dias<br \/>\nDicas Uso \u00fanico, 100% ecol\u00f3gico e biodegrad\u00e1vel.<\/p>\n","protected":false},"excerpt":{"rendered":"<p>faca de bambu descart\u00e1vel Aplica\u00e7\u00e3o Restaurante, loja de frios, rede de fast food Material 100% bambu natural Cor Marrom carbonizado ou natural Tamanho 17 cm ou personalizado Caracter\u00edsticas Ecol\u00f3gico, compost\u00e1vel Peso com base no tamanho OEM\/ODM dispon\u00edvel MOQ 10000 PCS Tempo de entrega 30-40 dias Dicas Uso \u00fanico, 100% ecol\u00f3gico e biodegrad\u00e1vel.<\/p>\n","protected":false},"featured_media":2106,"template":"","meta":{"_acf_changed":false},"product-category":[28],"class_list":["post-1641","product","type-product","status-publish","has-post-thumbnail","hentry","product-category-talheres-bambu"],"acf":[],"_links":{"self":[{"href":"https:\/\/www.carrytableware.com\/pt\/wp-json\/wp\/v2\/product\/1641","targetHints":{"allow":["GET"]}}],"collection":[{"href":"https:\/\/www.carrytableware.com\/pt\/wp-json\/wp\/v2\/product"}],"about":[{"href":"https:\/\/www.carrytableware.com\/pt\/wp-json\/wp\/v2\/types\/product"}],"wp:featuredmedia":[{"embeddable":true,"href":"https:\/\/www.carrytableware.com\/pt\/wp-json\/wp\/v2\/media\/2106"}],"wp:attachment":[{"href":"https:\/\/www.carrytableware.com\/pt\/wp-json\/wp\/v2\/media?parent=1641"}],"wp:term":[{"taxonomy":"product-category","embeddable":true,"href":"https:\/\/www.carrytableware.com\/pt\/wp-json\/wp\/v2\/product-category?post=1641"}],"curies":[{"name":"wp","href":"https:\/\/api.w.org\/{rel}","templated":true}]}}