{"id":1644,"date":"2025-02-17T10:26:05","date_gmt":"2025-02-17T10:26:05","guid":{"rendered":"https:\/\/www.carrytableware.com\/pt\/?post_type=product&#038;p=1644"},"modified":"2025-03-19T07:06:53","modified_gmt":"2025-03-19T07:06:53","slug":"bamboo-cutlery-set","status":"publish","type":"product","link":"https:\/\/www.carrytableware.com\/pt\/blog\/product\/bamboo-cutlery-set\/","title":{"rendered":"Conjunto de talheres de bambu"},"content":{"rendered":"<p>Conjunto de talheres de bambu<br \/>\nAplica\u00e7\u00e3o Restaurante, Deli Sotre, Rede de fast food<br \/>\nMaterial 100% bambu natural<br \/>\nCor Natural<br \/>\nTamanho 17cm<br \/>\nCaracter\u00edsticas Ecol\u00f3gico, compost\u00e1vel<br \/>\nPeso com base no tamanho<br \/>\nOEM\/ODM dispon\u00edvel<br \/>\nMOQ 2000 USD<br \/>\nTempo de entrega 30-40 dias<br \/>\nDicas Uso \u00fanico, 100% ecol\u00f3gico e biodegrad\u00e1vel.<\/p>\n<p>&nbsp;<\/p>\n","protected":false},"excerpt":{"rendered":"<p>Conjunto de talheres de bambu Aplica\u00e7\u00e3o Restaurante, Deli Sotre, Rede de fast food Material 100% bambu natural Cor Natural Tamanho 17cm Caracter\u00edsticas Ecol\u00f3gico, compost\u00e1vel Peso com base no tamanho OEM\/ODM dispon\u00edvel MOQ 2000 USD Tempo de entrega 30-40 dias Dicas Uso \u00fanico, 100% ecol\u00f3gico e biodegrad\u00e1vel. &nbsp;<\/p>\n","protected":false},"featured_media":2104,"template":"","meta":{"_acf_changed":false},"product-category":[28],"class_list":["post-1644","product","type-product","status-publish","has-post-thumbnail","hentry","product-category-talheres-bambu"],"acf":[],"_links":{"self":[{"href":"https:\/\/www.carrytableware.com\/pt\/wp-json\/wp\/v2\/product\/1644","targetHints":{"allow":["GET"]}}],"collection":[{"href":"https:\/\/www.carrytableware.com\/pt\/wp-json\/wp\/v2\/product"}],"about":[{"href":"https:\/\/www.carrytableware.com\/pt\/wp-json\/wp\/v2\/types\/product"}],"wp:featuredmedia":[{"embeddable":true,"href":"https:\/\/www.carrytableware.com\/pt\/wp-json\/wp\/v2\/media\/2104"}],"wp:attachment":[{"href":"https:\/\/www.carrytableware.com\/pt\/wp-json\/wp\/v2\/media?parent=1644"}],"wp:term":[{"taxonomy":"product-category","embeddable":true,"href":"https:\/\/www.carrytableware.com\/pt\/wp-json\/wp\/v2\/product-category?post=1644"}],"curies":[{"name":"wp","href":"https:\/\/api.w.org\/{rel}","templated":true}]}}