{"id":1674,"date":"2025-02-17T11:04:30","date_gmt":"2025-02-17T11:04:30","guid":{"rendered":"https:\/\/www.carrytableware.com\/pt\/?post_type=product&#038;p=1674"},"modified":"2025-03-19T06:52:29","modified_gmt":"2025-03-19T06:52:29","slug":"bamboo-coffee-stirrer","status":"publish","type":"product","link":"https:\/\/www.carrytableware.com\/pt\/blog\/product\/bamboo-coffee-stirrer\/","title":{"rendered":"Agitador de caf\u00e9 de bambu"},"content":{"rendered":"<p>Agitadores de caf\u00e9 de bambu<br \/>\nAplica\u00e7\u00e3o Dom\u00e9stico, Pub Rrestaurant, Deli store, Hotel<br \/>\nMaterial Bambu<br \/>\nCor Natural<br \/>\nTamanho 1,3*4,5*110mm 1,3*4,5*140mm 1,3*4,5*170mm 1,6*4,5*140mm 1,6*4,5*170mm 2,0*9,5*105mm 2,0*9,5*140mm ou personalizado<br \/>\nEmbalagem A granel\/OPP\/embrulhado em papel<br \/>\nCaracter\u00edsticas Ecol\u00f3gico, Compost\u00e1vel<br \/>\nPeso com base no tamanho<br \/>\nOEM\/ODM dispon\u00edvel<br \/>\nMOQ 100000 PCS<br \/>\nTempo de entrega 30-40 dias<br \/>\nDicas Uso \u00fanico, 100% ecol\u00f3gico e biodegrad\u00e1vel.<\/p>\n","protected":false},"excerpt":{"rendered":"<p>Agitadores de caf\u00e9 de bambu Aplica\u00e7\u00e3o Dom\u00e9stico, Pub Rrestaurant, Deli store, Hotel Material Bambu Cor Natural Tamanho 1,3*4,5*110mm 1,3*4,5*140mm 1,3*4,5*170mm 1,6*4,5*140mm 1,6*4,5*170mm 2,0*9,5*105mm 2,0*9,5*140mm ou personalizado Embalagem A granel\/OPP\/embrulhado em papel Caracter\u00edsticas Ecol\u00f3gico, Compost\u00e1vel Peso com base no tamanho OEM\/ODM dispon\u00edvel MOQ 100000 PCS Tempo de entrega 30-40 dias Dicas Uso \u00fanico, 100% ecol\u00f3gico e [&hellip;]<\/p>\n","protected":false},"featured_media":2069,"template":"","meta":{"_acf_changed":false},"product-category":[30],"class_list":["post-1674","product","type-product","status-publish","has-post-thumbnail","hentry","product-category-outros"],"acf":[],"_links":{"self":[{"href":"https:\/\/www.carrytableware.com\/pt\/wp-json\/wp\/v2\/product\/1674","targetHints":{"allow":["GET"]}}],"collection":[{"href":"https:\/\/www.carrytableware.com\/pt\/wp-json\/wp\/v2\/product"}],"about":[{"href":"https:\/\/www.carrytableware.com\/pt\/wp-json\/wp\/v2\/types\/product"}],"wp:featuredmedia":[{"embeddable":true,"href":"https:\/\/www.carrytableware.com\/pt\/wp-json\/wp\/v2\/media\/2069"}],"wp:attachment":[{"href":"https:\/\/www.carrytableware.com\/pt\/wp-json\/wp\/v2\/media?parent=1674"}],"wp:term":[{"taxonomy":"product-category","embeddable":true,"href":"https:\/\/www.carrytableware.com\/pt\/wp-json\/wp\/v2\/product-category?post=1674"}],"curies":[{"name":"wp","href":"https:\/\/api.w.org\/{rel}","templated":true}]}}