{"id":1677,"date":"2025-02-17T11:07:25","date_gmt":"2025-02-17T11:07:25","guid":{"rendered":"https:\/\/www.carrytableware.com\/pt\/?post_type=product&#038;p=1677"},"modified":"2025-03-19T06:51:47","modified_gmt":"2025-03-19T06:51:47","slug":"bamboo-cotton-swab","status":"publish","type":"product","link":"https:\/\/www.carrytableware.com\/pt\/blog\/product\/bamboo-cotton-swab\/","title":{"rendered":"Cotonete de bambu"},"content":{"rendered":"<p>Cotonete de bambu<br \/>\nAplica\u00e7\u00e3o Dom\u00e9stico, Pub Rrestaurant, Deli store, Hotel<br \/>\nMaterial Bambu<br \/>\nCor Natural<br \/>\nTamanho 2,3*68mm<br \/>\nEmbalagem OPP\/ caixa<br \/>\nCaracter\u00edsticas Ecol\u00f3gico, Compost\u00e1vel<br \/>\nPeso Baseado no tamanho<br \/>\nOEM\/ODM Dispon\u00edvel<br \/>\nMOQ 100000 PCS<br \/>\nTempo de Entrega 30-40 Dias<br \/>\nDicas Uso \u00fanico, 100% ecol\u00f3gico e biodegrad\u00e1vel.<\/p>\n","protected":false},"excerpt":{"rendered":"<p>Cotonete de bambu Aplica\u00e7\u00e3o Dom\u00e9stico, Pub Rrestaurant, Deli store, Hotel Material Bambu Cor Natural Tamanho 2,3*68mm Embalagem OPP\/ caixa Caracter\u00edsticas Ecol\u00f3gico, Compost\u00e1vel Peso Baseado no tamanho OEM\/ODM Dispon\u00edvel MOQ 100000 PCS Tempo de Entrega 30-40 Dias Dicas Uso \u00fanico, 100% ecol\u00f3gico e biodegrad\u00e1vel.<\/p>\n","protected":false},"featured_media":2065,"template":"","meta":{"_acf_changed":false},"product-category":[30],"class_list":["post-1677","product","type-product","status-publish","has-post-thumbnail","hentry","product-category-outros"],"acf":[],"_links":{"self":[{"href":"https:\/\/www.carrytableware.com\/pt\/wp-json\/wp\/v2\/product\/1677","targetHints":{"allow":["GET"]}}],"collection":[{"href":"https:\/\/www.carrytableware.com\/pt\/wp-json\/wp\/v2\/product"}],"about":[{"href":"https:\/\/www.carrytableware.com\/pt\/wp-json\/wp\/v2\/types\/product"}],"wp:featuredmedia":[{"embeddable":true,"href":"https:\/\/www.carrytableware.com\/pt\/wp-json\/wp\/v2\/media\/2065"}],"wp:attachment":[{"href":"https:\/\/www.carrytableware.com\/pt\/wp-json\/wp\/v2\/media?parent=1677"}],"wp:term":[{"taxonomy":"product-category","embeddable":true,"href":"https:\/\/www.carrytableware.com\/pt\/wp-json\/wp\/v2\/product-category?post=1677"}],"curies":[{"name":"wp","href":"https:\/\/api.w.org\/{rel}","templated":true}]}}