{"id":1683,"date":"2025-02-17T11:10:29","date_gmt":"2025-02-17T11:10:29","guid":{"rendered":"https:\/\/www.carrytableware.com\/pt\/?post_type=product&#038;p=1683"},"modified":"2025-03-19T06:50:19","modified_gmt":"2025-03-19T06:50:19","slug":"bamboo-ice-cream-sticks","status":"publish","type":"product","link":"https:\/\/www.carrytableware.com\/pt\/blog\/product\/bamboo-ice-cream-sticks\/","title":{"rendered":"Palito de sorvete de bambu"},"content":{"rendered":"<p>Palito de Sorvete de Bambu<br \/>\nAplica\u00e7\u00e3o Dom\u00e9stico, Pub Rrestaurant, Deli store, Hotel<br \/>\nMaterial Bambu<br \/>\nCor Natural<br \/>\nTamanho 93mm*10mm*2.0mm\/114mm*10mm*2.0mm, Outros tamanhos podem ser personalizados Personaliza\u00e7\u00e3o do Logotipo Aceit\u00e1vel<br \/>\nEmbalagem OPP<br \/>\nCaracter\u00edsticas Ecol\u00f3gico, Compost\u00e1vel<br \/>\nPeso Baseado no tamanho<br \/>\nOEM\/ODM Dispon\u00edvel<br \/>\nMOQ 100000 PCS<br \/>\nTempo de Entrega 30-40 Dias<br \/>\nDicas Uso \u00fanico, 100% ecol\u00f3gico e biodegrad\u00e1vel.<\/p>\n","protected":false},"excerpt":{"rendered":"<p>Palito de Sorvete de Bambu Aplica\u00e7\u00e3o Dom\u00e9stico, Pub Rrestaurant, Deli store, Hotel Material Bambu Cor Natural Tamanho 93mm*10mm*2.0mm\/114mm*10mm*2.0mm, Outros tamanhos podem ser personalizados Personaliza\u00e7\u00e3o do Logotipo Aceit\u00e1vel Embalagem OPP Caracter\u00edsticas Ecol\u00f3gico, Compost\u00e1vel Peso Baseado no tamanho OEM\/ODM Dispon\u00edvel MOQ 100000 PCS Tempo de Entrega 30-40 Dias Dicas Uso \u00fanico, 100% ecol\u00f3gico e biodegrad\u00e1vel.<\/p>\n","protected":false},"featured_media":2063,"template":"","meta":{"_acf_changed":false},"product-category":[30],"class_list":["post-1683","product","type-product","status-publish","has-post-thumbnail","hentry","product-category-outros"],"acf":[],"_links":{"self":[{"href":"https:\/\/www.carrytableware.com\/pt\/wp-json\/wp\/v2\/product\/1683","targetHints":{"allow":["GET"]}}],"collection":[{"href":"https:\/\/www.carrytableware.com\/pt\/wp-json\/wp\/v2\/product"}],"about":[{"href":"https:\/\/www.carrytableware.com\/pt\/wp-json\/wp\/v2\/types\/product"}],"wp:featuredmedia":[{"embeddable":true,"href":"https:\/\/www.carrytableware.com\/pt\/wp-json\/wp\/v2\/media\/2063"}],"wp:attachment":[{"href":"https:\/\/www.carrytableware.com\/pt\/wp-json\/wp\/v2\/media?parent=1683"}],"wp:term":[{"taxonomy":"product-category","embeddable":true,"href":"https:\/\/www.carrytableware.com\/pt\/wp-json\/wp\/v2\/product-category?post=1683"}],"curies":[{"name":"wp","href":"https:\/\/api.w.org\/{rel}","templated":true}]}}