{"id":1689,"date":"2025-02-17T11:12:33","date_gmt":"2025-02-17T11:12:33","guid":{"rendered":"https:\/\/www.carrytableware.com\/pt\/?post_type=product&#038;p=1689"},"modified":"2025-03-19T06:49:06","modified_gmt":"2025-03-19T06:49:06","slug":"bamboo-sushi-tongs","status":"publish","type":"product","link":"https:\/\/www.carrytableware.com\/pt\/blog\/product\/bamboo-sushi-tongs\/","title":{"rendered":"Pin\u00e7a de sushi de bambu"},"content":{"rendered":"<p>Pin\u00e7a de sushi de bambu<br \/>\nAplica\u00e7\u00e3o Dom\u00e9stica, Pub Rrestaurant, Deli store, Hotel<br \/>\nMaterial Bambu<br \/>\nCor Natural<br \/>\nTamanho 8cm\/10cm ou personalizado<br \/>\nEmbalagem OPP\/BOX<br \/>\nCaracter\u00edsticas Ecol\u00f3gico, Compost\u00e1vel<br \/>\nPeso com base no tamanho<br \/>\nOEM\/ODM dispon\u00edvel<br \/>\nMOQ 100000 PCS<br \/>\nTempo de entrega 30-40 dias<br \/>\nDicas Uso \u00fanico, 100% ecol\u00f3gico e biodegrad\u00e1vel.<\/p>\n","protected":false},"excerpt":{"rendered":"<p>Pin\u00e7a de sushi de bambu Aplica\u00e7\u00e3o Dom\u00e9stica, Pub Rrestaurant, Deli store, Hotel Material Bambu Cor Natural Tamanho 8cm\/10cm ou personalizado Embalagem OPP\/BOX Caracter\u00edsticas Ecol\u00f3gico, Compost\u00e1vel Peso com base no tamanho OEM\/ODM dispon\u00edvel MOQ 100000 PCS Tempo de entrega 30-40 dias Dicas Uso \u00fanico, 100% ecol\u00f3gico e biodegrad\u00e1vel.<\/p>\n","protected":false},"featured_media":2057,"template":"","meta":{"_acf_changed":false},"product-category":[30],"class_list":["post-1689","product","type-product","status-publish","has-post-thumbnail","hentry","product-category-outros"],"acf":[],"_links":{"self":[{"href":"https:\/\/www.carrytableware.com\/pt\/wp-json\/wp\/v2\/product\/1689","targetHints":{"allow":["GET"]}}],"collection":[{"href":"https:\/\/www.carrytableware.com\/pt\/wp-json\/wp\/v2\/product"}],"about":[{"href":"https:\/\/www.carrytableware.com\/pt\/wp-json\/wp\/v2\/types\/product"}],"wp:featuredmedia":[{"embeddable":true,"href":"https:\/\/www.carrytableware.com\/pt\/wp-json\/wp\/v2\/media\/2057"}],"wp:attachment":[{"href":"https:\/\/www.carrytableware.com\/pt\/wp-json\/wp\/v2\/media?parent=1689"}],"wp:term":[{"taxonomy":"product-category","embeddable":true,"href":"https:\/\/www.carrytableware.com\/pt\/wp-json\/wp\/v2\/product-category?post=1689"}],"curies":[{"name":"wp","href":"https:\/\/api.w.org\/{rel}","templated":true}]}}