{"id":1702,"date":"2025-02-17T11:22:32","date_gmt":"2025-02-17T11:22:32","guid":{"rendered":"https:\/\/www.carrytableware.com\/pt\/?post_type=product&#038;p=1702"},"modified":"2025-03-19T06:43:12","modified_gmt":"2025-03-19T06:43:12","slug":"wooden-spoon","status":"publish","type":"product","link":"https:\/\/www.carrytableware.com\/pt\/blog\/product\/wooden-spoon\/","title":{"rendered":"Colher de Madeira"},"content":{"rendered":"<p>Colher de Madeira<br \/>\nAplica\u00e7\u00e3o Dom\u00e9stica, Pub Rrestaurant, Deli store, Hotel<br \/>\nMaterial Madeira<br \/>\nCor Natural<br \/>\nTamanho 9,6 cm 11 cm 14 cm 16 cm ou personalizado e Personaliza\u00e7\u00e3o de Logotipo Aceit\u00e1vel<br \/>\nEmbalagem A granel\/OPP\/embrulhado em papel<br \/>\nCaracter\u00edsticas Ecol\u00f3gico, Compost\u00e1vel<br \/>\nPeso Baseado no tamanho<br \/>\nOEM\/ODM Dispon\u00edvel<br \/>\nMOQ 100000 PCS<br \/>\nTempo de Entrega 30-40 Dias<br \/>\nDicas Uso \u00fanico, 100% ecol\u00f3gico e biodegrad\u00e1vel.<\/p>\n","protected":false},"excerpt":{"rendered":"<p>Colher de Madeira Aplica\u00e7\u00e3o Dom\u00e9stica, Pub Rrestaurant, Deli store, Hotel Material Madeira Cor Natural Tamanho 9,6 cm 11 cm 14 cm 16 cm ou personalizado e Personaliza\u00e7\u00e3o de Logotipo Aceit\u00e1vel Embalagem A granel\/OPP\/embrulhado em papel Caracter\u00edsticas Ecol\u00f3gico, Compost\u00e1vel Peso Baseado no tamanho OEM\/ODM Dispon\u00edvel MOQ 100000 PCS Tempo de Entrega 30-40 Dias Dicas Uso \u00fanico, [&hellip;]<\/p>\n","protected":false},"featured_media":2045,"template":"","meta":{"_acf_changed":false},"product-category":[31],"class_list":["post-1702","product","type-product","status-publish","has-post-thumbnail","hentry","product-category-talheres-de-madeira"],"acf":[],"_links":{"self":[{"href":"https:\/\/www.carrytableware.com\/pt\/wp-json\/wp\/v2\/product\/1702","targetHints":{"allow":["GET"]}}],"collection":[{"href":"https:\/\/www.carrytableware.com\/pt\/wp-json\/wp\/v2\/product"}],"about":[{"href":"https:\/\/www.carrytableware.com\/pt\/wp-json\/wp\/v2\/types\/product"}],"wp:featuredmedia":[{"embeddable":true,"href":"https:\/\/www.carrytableware.com\/pt\/wp-json\/wp\/v2\/media\/2045"}],"wp:attachment":[{"href":"https:\/\/www.carrytableware.com\/pt\/wp-json\/wp\/v2\/media?parent=1702"}],"wp:term":[{"taxonomy":"product-category","embeddable":true,"href":"https:\/\/www.carrytableware.com\/pt\/wp-json\/wp\/v2\/product-category?post=1702"}],"curies":[{"name":"wp","href":"https:\/\/api.w.org\/{rel}","templated":true}]}}