{"id":1718,"date":"2025-02-17T11:31:06","date_gmt":"2025-02-17T11:31:06","guid":{"rendered":"https:\/\/www.carrytableware.com\/pt\/?post_type=product&#038;p=1718"},"modified":"2025-03-19T06:37:29","modified_gmt":"2025-03-19T06:37:29","slug":"wooden-sporks","status":"publish","type":"product","link":"https:\/\/www.carrytableware.com\/pt\/blog\/product\/wooden-sporks\/","title":{"rendered":"Garfo de madeira"},"content":{"rendered":"<p>Garfo de madeira<br \/>\nAplica\u00e7\u00e3o Dom\u00e9stico, Pub Rrestaurant, Deli store, Hotel<br \/>\nMaterial Madeira<br \/>\nCor Natural<br \/>\nTamanho 92mm 105mm 160mm ou personalizado e personaliza\u00e7\u00e3o de logotipo aceit\u00e1vel<br \/>\nEmbalagem Granel\/OPP\/embrulhado em papel<br \/>\nCaracter\u00edsticas Ecol\u00f3gico, Compost\u00e1vel<br \/>\nPeso com base no tamanho<br \/>\nOEM\/ODM dispon\u00edvel<br \/>\nMOQ 100000 PCS<br \/>\nTempo de entrega 30-40 dias<br \/>\nDicas Uso \u00fanico apenas, 100% ecol\u00f3gico e biodegrad\u00e1vel.<\/p>\n","protected":false},"excerpt":{"rendered":"<p>Garfo de madeira Aplica\u00e7\u00e3o Dom\u00e9stico, Pub Rrestaurant, Deli store, Hotel Material Madeira Cor Natural Tamanho 92mm 105mm 160mm ou personalizado e personaliza\u00e7\u00e3o de logotipo aceit\u00e1vel Embalagem Granel\/OPP\/embrulhado em papel Caracter\u00edsticas Ecol\u00f3gico, Compost\u00e1vel Peso com base no tamanho OEM\/ODM dispon\u00edvel MOQ 100000 PCS Tempo de entrega 30-40 dias Dicas Uso \u00fanico apenas, 100% ecol\u00f3gico e biodegrad\u00e1vel.<\/p>\n","protected":false},"featured_media":2030,"template":"","meta":{"_acf_changed":false},"product-category":[31],"class_list":["post-1718","product","type-product","status-publish","has-post-thumbnail","hentry","product-category-talheres-de-madeira"],"acf":[],"_links":{"self":[{"href":"https:\/\/www.carrytableware.com\/pt\/wp-json\/wp\/v2\/product\/1718","targetHints":{"allow":["GET"]}}],"collection":[{"href":"https:\/\/www.carrytableware.com\/pt\/wp-json\/wp\/v2\/product"}],"about":[{"href":"https:\/\/www.carrytableware.com\/pt\/wp-json\/wp\/v2\/types\/product"}],"wp:featuredmedia":[{"embeddable":true,"href":"https:\/\/www.carrytableware.com\/pt\/wp-json\/wp\/v2\/media\/2030"}],"wp:attachment":[{"href":"https:\/\/www.carrytableware.com\/pt\/wp-json\/wp\/v2\/media?parent=1718"}],"wp:term":[{"taxonomy":"product-category","embeddable":true,"href":"https:\/\/www.carrytableware.com\/pt\/wp-json\/wp\/v2\/product-category?post=1718"}],"curies":[{"name":"wp","href":"https:\/\/api.w.org\/{rel}","templated":true}]}}