{"id":1729,"date":"2025-02-17T11:47:38","date_gmt":"2025-02-17T11:47:38","guid":{"rendered":"https:\/\/www.carrytableware.com\/pt\/?post_type=product&#038;p=1729"},"modified":"2025-03-19T06:34:13","modified_gmt":"2025-03-19T06:34:13","slug":"wooden-ice-cream-spoon","status":"publish","type":"product","link":"https:\/\/www.carrytableware.com\/pt\/blog\/product\/wooden-ice-cream-spoon\/","title":{"rendered":"Colher de sorvete de madeira"},"content":{"rendered":"<p>Colher de sorvete de madeira<br \/>\nAplica\u00e7\u00e3o Dom\u00e9stica, Pub Rrestaurant, Deli store, Hotel<br \/>\nMaterial Madeira<br \/>\nCor Natural<br \/>\nTamanho 2*11*93mm 2*17*93mm 1,35*11*75mm 1,35*17*75mm ou personalizado e personaliza\u00e7\u00e3o de logotipo aceit\u00e1vel<br \/>\nEmbalagem A granel\/OPP\/embrulhado em papel<br \/>\nCaracter\u00edsticas Ecol\u00f3gico, Compost\u00e1vel<br \/>\nPeso com base no tamanho<br \/>\nOEM\/ODM dispon\u00edvel<br \/>\nMOQ 100000 PCS<br \/>\nTempo de entrega 30-40 dias<br \/>\nDicas Uso \u00fanico apenas, 100% ecol\u00f3gico e biodegrad\u00e1vel.<\/p>\n","protected":false},"excerpt":{"rendered":"<p>Colher de sorvete de madeira Aplica\u00e7\u00e3o Dom\u00e9stica, Pub Rrestaurant, Deli store, Hotel Material Madeira Cor Natural Tamanho 2*11*93mm 2*17*93mm 1,35*11*75mm 1,35*17*75mm ou personalizado e personaliza\u00e7\u00e3o de logotipo aceit\u00e1vel Embalagem A granel\/OPP\/embrulhado em papel Caracter\u00edsticas Ecol\u00f3gico, Compost\u00e1vel Peso com base no tamanho OEM\/ODM dispon\u00edvel MOQ 100000 PCS Tempo de entrega 30-40 dias Dicas Uso \u00fanico apenas, [&hellip;]<\/p>\n","protected":false},"featured_media":2024,"template":"","meta":{"_acf_changed":false},"product-category":[31],"class_list":["post-1729","product","type-product","status-publish","has-post-thumbnail","hentry","product-category-talheres-de-madeira"],"acf":[],"_links":{"self":[{"href":"https:\/\/www.carrytableware.com\/pt\/wp-json\/wp\/v2\/product\/1729","targetHints":{"allow":["GET"]}}],"collection":[{"href":"https:\/\/www.carrytableware.com\/pt\/wp-json\/wp\/v2\/product"}],"about":[{"href":"https:\/\/www.carrytableware.com\/pt\/wp-json\/wp\/v2\/types\/product"}],"wp:featuredmedia":[{"embeddable":true,"href":"https:\/\/www.carrytableware.com\/pt\/wp-json\/wp\/v2\/media\/2024"}],"wp:attachment":[{"href":"https:\/\/www.carrytableware.com\/pt\/wp-json\/wp\/v2\/media?parent=1729"}],"wp:term":[{"taxonomy":"product-category","embeddable":true,"href":"https:\/\/www.carrytableware.com\/pt\/wp-json\/wp\/v2\/product-category?post=1729"}],"curies":[{"name":"wp","href":"https:\/\/api.w.org\/{rel}","templated":true}]}}