{"id":1737,"date":"2025-02-17T11:51:48","date_gmt":"2025-02-17T11:51:48","guid":{"rendered":"https:\/\/www.carrytableware.com\/pt\/?post_type=product&#038;p=1737"},"modified":"2025-03-19T06:33:02","modified_gmt":"2025-03-19T06:33:02","slug":"wooden-coffee-stirrer","status":"publish","type":"product","link":"https:\/\/www.carrytableware.com\/pt\/blog\/product\/wooden-coffee-stirrer\/","title":{"rendered":"Agitador de caf\u00e9 de madeira"},"content":{"rendered":"<p>Agitador de caf\u00e9 de madeira<br \/>\nAplica\u00e7\u00e3o Dom\u00e9stico, Pub Rrestaurant, Deli store, Hotel<br \/>\nMaterial Madeira<br \/>\nCor Natural<br \/>\nTamanho 1*5*110mm 1*5*140mm 1*5*178mm 1.3*5*110mm 1.3*5*140mm 1.3*5*178mm ou personalizado<br \/>\nEmbalagem A granel\/Opp\/embrulhado em papel<br \/>\nCaracter\u00edsticas Ecol\u00f3gico, Compost\u00e1vel<br \/>\nPeso com base no tamanho<br \/>\nOEM\/ODM dispon\u00edvel<br \/>\nMOQ 100000 PCS<br \/>\nTempo de entrega 30-40 dias<br \/>\nDicas Uso \u00fanico, 100% ecol\u00f3gico e biodegrad\u00e1vel.<\/p>\n","protected":false},"excerpt":{"rendered":"<p>Agitador de caf\u00e9 de madeira Aplica\u00e7\u00e3o Dom\u00e9stico, Pub Rrestaurant, Deli store, Hotel Material Madeira Cor Natural Tamanho 1*5*110mm 1*5*140mm 1*5*178mm 1.3*5*110mm 1.3*5*140mm 1.3*5*178mm ou personalizado Embalagem A granel\/Opp\/embrulhado em papel Caracter\u00edsticas Ecol\u00f3gico, Compost\u00e1vel Peso com base no tamanho OEM\/ODM dispon\u00edvel MOQ 100000 PCS Tempo de entrega 30-40 dias Dicas Uso \u00fanico, 100% ecol\u00f3gico e biodegrad\u00e1vel.<\/p>\n","protected":false},"featured_media":2019,"template":"","meta":{"_acf_changed":false},"product-category":[33],"class_list":["post-1737","product","type-product","status-publish","has-post-thumbnail","hentry","product-category-outros-madeira"],"acf":[],"_links":{"self":[{"href":"https:\/\/www.carrytableware.com\/pt\/wp-json\/wp\/v2\/product\/1737","targetHints":{"allow":["GET"]}}],"collection":[{"href":"https:\/\/www.carrytableware.com\/pt\/wp-json\/wp\/v2\/product"}],"about":[{"href":"https:\/\/www.carrytableware.com\/pt\/wp-json\/wp\/v2\/types\/product"}],"wp:featuredmedia":[{"embeddable":true,"href":"https:\/\/www.carrytableware.com\/pt\/wp-json\/wp\/v2\/media\/2019"}],"wp:attachment":[{"href":"https:\/\/www.carrytableware.com\/pt\/wp-json\/wp\/v2\/media?parent=1737"}],"wp:term":[{"taxonomy":"product-category","embeddable":true,"href":"https:\/\/www.carrytableware.com\/pt\/wp-json\/wp\/v2\/product-category?post=1737"}],"curies":[{"name":"wp","href":"https:\/\/api.w.org\/{rel}","templated":true}]}}