{"id":1741,"date":"2025-02-17T11:54:02","date_gmt":"2025-02-17T11:54:02","guid":{"rendered":"https:\/\/www.carrytableware.com\/pt\/?post_type=product&#038;p=1741"},"modified":"2025-03-19T06:32:20","modified_gmt":"2025-03-19T06:32:20","slug":"wood-cocktail-picks","status":"publish","type":"product","link":"https:\/\/www.carrytableware.com\/pt\/blog\/product\/wood-cocktail-picks\/","title":{"rendered":"Palhetas de madeira para coquet\u00e9is"},"content":{"rendered":"<p>Palheta de coquetel de madeira<br \/>\nAplica\u00e7\u00e3o Dom\u00e9stica, Pub Rrestaurant, Deli store, Hotel<br \/>\nMaterial Madeira<br \/>\nCor Natural<br \/>\nTamanho 2*65mm 2*100mm<br \/>\nEmbalagem a granel\/caixa<br \/>\nCaracter\u00edsticas Ecol\u00f3gico, compost\u00e1vel<br \/>\nPeso com base no tamanho<br \/>\nOEM\/ODM dispon\u00edvel<br \/>\nMOQ 100000 PCS<br \/>\nTempo de entrega 30-40 dias<br \/>\nDicas Uso \u00fanico, 100% ecol\u00f3gico e biodegrad\u00e1vel.<\/p>\n","protected":false},"excerpt":{"rendered":"<p>Palheta de coquetel de madeira Aplica\u00e7\u00e3o Dom\u00e9stica, Pub Rrestaurant, Deli store, Hotel Material Madeira Cor Natural Tamanho 2*65mm 2*100mm Embalagem a granel\/caixa Caracter\u00edsticas Ecol\u00f3gico, compost\u00e1vel Peso com base no tamanho OEM\/ODM dispon\u00edvel MOQ 100000 PCS Tempo de entrega 30-40 dias Dicas Uso \u00fanico, 100% ecol\u00f3gico e biodegrad\u00e1vel.<\/p>\n","protected":false},"featured_media":2014,"template":"","meta":{"_acf_changed":false},"product-category":[33],"class_list":["post-1741","product","type-product","status-publish","has-post-thumbnail","hentry","product-category-outros-madeira"],"acf":[],"_links":{"self":[{"href":"https:\/\/www.carrytableware.com\/pt\/wp-json\/wp\/v2\/product\/1741","targetHints":{"allow":["GET"]}}],"collection":[{"href":"https:\/\/www.carrytableware.com\/pt\/wp-json\/wp\/v2\/product"}],"about":[{"href":"https:\/\/www.carrytableware.com\/pt\/wp-json\/wp\/v2\/types\/product"}],"wp:featuredmedia":[{"embeddable":true,"href":"https:\/\/www.carrytableware.com\/pt\/wp-json\/wp\/v2\/media\/2014"}],"wp:attachment":[{"href":"https:\/\/www.carrytableware.com\/pt\/wp-json\/wp\/v2\/media?parent=1741"}],"wp:term":[{"taxonomy":"product-category","embeddable":true,"href":"https:\/\/www.carrytableware.com\/pt\/wp-json\/wp\/v2\/product-category?post=1741"}],"curies":[{"name":"wp","href":"https:\/\/api.w.org\/{rel}","templated":true}]}}