{"id":1745,"date":"2025-02-17T11:55:19","date_gmt":"2025-02-17T11:55:19","guid":{"rendered":"https:\/\/www.carrytableware.com\/pt\/?post_type=product&#038;p=1745"},"modified":"2025-03-19T06:31:42","modified_gmt":"2025-03-19T06:31:42","slug":"wooden-tongue-depressors","status":"publish","type":"product","link":"https:\/\/www.carrytableware.com\/pt\/blog\/product\/wooden-tongue-depressors\/","title":{"rendered":"Abaixadores de l\u00edngua de madeira"},"content":{"rendered":"<p>Abaixador de L\u00edngua de Madeira<br \/>\nMaterial Madeira<br \/>\nCor Natural<br \/>\nTamanho 1,8*14*140mm 1,6*17*150mm ou personalizado<br \/>\nEmbalagem A granel\/OPP\/embrulhado em papel<br \/>\nCaracter\u00edsticas Ecol\u00f3gico, Compost\u00e1vel<br \/>\nPeso Baseado no tamanho<br \/>\nOEM\/ODM Dispon\u00edvel<br \/>\nMOQ 100000 PCS<br \/>\nTempo de Entrega 30-40 Dias<br \/>\nDicas Uso \u00fanico, 100% ecol\u00f3gico e biodegrad\u00e1vel.<br \/>\nUso Multiuso: Para uso para abaixar a l\u00edngua para permitir o exame da boca e garganta. Tamb\u00e9m pode ser usado para artes e of\u00edcios, espalhando cremes e ceras, e para misturar solu\u00e7\u00f5es.<\/p>\n","protected":false},"excerpt":{"rendered":"<p>Abaixador de L\u00edngua de Madeira Material Madeira Cor Natural Tamanho 1,8*14*140mm 1,6*17*150mm ou personalizado Embalagem A granel\/OPP\/embrulhado em papel Caracter\u00edsticas Ecol\u00f3gico, Compost\u00e1vel Peso Baseado no tamanho OEM\/ODM Dispon\u00edvel MOQ 100000 PCS Tempo de Entrega 30-40 Dias Dicas Uso \u00fanico, 100% ecol\u00f3gico e biodegrad\u00e1vel. Uso Multiuso: Para uso para abaixar a l\u00edngua para permitir o exame [&hellip;]<\/p>\n","protected":false},"featured_media":2009,"template":"","meta":{"_acf_changed":false},"product-category":[33],"class_list":["post-1745","product","type-product","status-publish","has-post-thumbnail","hentry","product-category-outros-madeira"],"acf":[],"_links":{"self":[{"href":"https:\/\/www.carrytableware.com\/pt\/wp-json\/wp\/v2\/product\/1745","targetHints":{"allow":["GET"]}}],"collection":[{"href":"https:\/\/www.carrytableware.com\/pt\/wp-json\/wp\/v2\/product"}],"about":[{"href":"https:\/\/www.carrytableware.com\/pt\/wp-json\/wp\/v2\/types\/product"}],"wp:featuredmedia":[{"embeddable":true,"href":"https:\/\/www.carrytableware.com\/pt\/wp-json\/wp\/v2\/media\/2009"}],"wp:attachment":[{"href":"https:\/\/www.carrytableware.com\/pt\/wp-json\/wp\/v2\/media?parent=1745"}],"wp:term":[{"taxonomy":"product-category","embeddable":true,"href":"https:\/\/www.carrytableware.com\/pt\/wp-json\/wp\/v2\/product-category?post=1745"}],"curies":[{"name":"wp","href":"https:\/\/api.w.org\/{rel}","templated":true}]}}