{"id":1752,"date":"2025-02-17T11:58:50","date_gmt":"2025-02-17T11:58:50","guid":{"rendered":"https:\/\/www.carrytableware.com\/pt\/?post_type=product&#038;p=1752"},"modified":"2025-03-19T06:30:27","modified_gmt":"2025-03-19T06:30:27","slug":"wooden-ice-cream-sticks","status":"publish","type":"product","link":"https:\/\/www.carrytableware.com\/pt\/blog\/product\/wooden-ice-cream-sticks\/","title":{"rendered":"Palito de sorvete de madeira"},"content":{"rendered":"<p>Palitos de sorvete de madeira<br \/>\nMaterial Madeira<br \/>\nCor Natural<br \/>\nTamanho 1,8*95*105mm 2*10*93mm 2*10*114mm ou personalizado<br \/>\nEmbalagem A granel\/OPP\/embrulhado em papel<br \/>\nCaracter\u00edsticas Ecol\u00f3gico, Compost\u00e1vel<br \/>\nPeso com base no tamanho<br \/>\nOEM\/ODM dispon\u00edvel<br \/>\nMOQ 100000 PCS<br \/>\nTempo de entrega 30-40 dias<br \/>\nDicas Uso \u00fanico, 100% ecol\u00f3gico e biodegrad\u00e1vel.<br \/>\nAplica\u00e7\u00e3o Palitos de sorvete de madeira s\u00e3o adequados para picol\u00e9s caseiros, sobremesas de bolo, cera de esp\u00e1tula de madeira, sorvete de palitos de madeira, artesanato, voc\u00ea tamb\u00e9m pode pintar em palitos de gelo de madeira, criar seus modelos favoritos e usar sua imagina\u00e7\u00e3o e criatividade. Nossos palitos de gelo de madeira s\u00e3o adequados para professores, alunos, artes\u00e3os, crian\u00e7as e adultos. Perfeitos para presentes criativos ou decora\u00e7\u00f5es para P\u00e1scoa, Natal, Halloween, festas tem\u00e1ticas e muito mais.<\/p>\n","protected":false},"excerpt":{"rendered":"<p>Palitos de sorvete de madeira Material Madeira Cor Natural Tamanho 1,8*95*105mm 2*10*93mm 2*10*114mm ou personalizado Embalagem A granel\/OPP\/embrulhado em papel Caracter\u00edsticas Ecol\u00f3gico, Compost\u00e1vel Peso com base no tamanho OEM\/ODM dispon\u00edvel MOQ 100000 PCS Tempo de entrega 30-40 dias Dicas Uso \u00fanico, 100% ecol\u00f3gico e biodegrad\u00e1vel. Aplica\u00e7\u00e3o Palitos de sorvete de madeira s\u00e3o adequados para picol\u00e9s [&hellip;]<\/p>\n","protected":false},"featured_media":2004,"template":"","meta":{"_acf_changed":false},"product-category":[33],"class_list":["post-1752","product","type-product","status-publish","has-post-thumbnail","hentry","product-category-outros-madeira"],"acf":[],"_links":{"self":[{"href":"https:\/\/www.carrytableware.com\/pt\/wp-json\/wp\/v2\/product\/1752","targetHints":{"allow":["GET"]}}],"collection":[{"href":"https:\/\/www.carrytableware.com\/pt\/wp-json\/wp\/v2\/product"}],"about":[{"href":"https:\/\/www.carrytableware.com\/pt\/wp-json\/wp\/v2\/types\/product"}],"wp:featuredmedia":[{"embeddable":true,"href":"https:\/\/www.carrytableware.com\/pt\/wp-json\/wp\/v2\/media\/2004"}],"wp:attachment":[{"href":"https:\/\/www.carrytableware.com\/pt\/wp-json\/wp\/v2\/media?parent=1752"}],"wp:term":[{"taxonomy":"product-category","embeddable":true,"href":"https:\/\/www.carrytableware.com\/pt\/wp-json\/wp\/v2\/product-category?post=1752"}],"curies":[{"name":"wp","href":"https:\/\/api.w.org\/{rel}","templated":true}]}}