{"id":1754,"date":"2025-02-17T12:00:58","date_gmt":"2025-02-17T12:00:58","guid":{"rendered":"https:\/\/www.carrytableware.com\/pt\/?post_type=product&#038;p=1754"},"modified":"2025-03-19T06:29:49","modified_gmt":"2025-03-19T06:29:49","slug":"mini-wooden-spoons","status":"publish","type":"product","link":"https:\/\/www.carrytableware.com\/pt\/blog\/product\/mini-wooden-spoons\/","title":{"rendered":"Mini Colher de Pau"},"content":{"rendered":"<p>Mini Colher de Madeira<br \/>\nMaterial Madeira<br \/>\nCor Natural<br \/>\nTamanho 70mm 96mm ou personalizado<br \/>\nEmbalagem A granel\/OPP\/embrulhado em papel<br \/>\nCaracter\u00edsticas Ecol\u00f3gico, Compost\u00e1vel<br \/>\nPeso com base no tamanho<br \/>\nOEM\/ODM dispon\u00edvel<br \/>\nMOQ 100000 PCS<br \/>\nTempo de entrega 30-40 dias<br \/>\nDicas Uso \u00fanico, 100% ecol\u00f3gico e biodegrad\u00e1vel.<br \/>\nMultiuso: Mini colher de madeira pode ser usada em uma variedade de amostras, sorvetes, iogurtes, sobremesas, parfaits, mousses, pudins, etc.<\/p>\n","protected":false},"excerpt":{"rendered":"<p>Mini Colher de Madeira Material Madeira Cor Natural Tamanho 70mm 96mm ou personalizado Embalagem A granel\/OPP\/embrulhado em papel Caracter\u00edsticas Ecol\u00f3gico, Compost\u00e1vel Peso com base no tamanho OEM\/ODM dispon\u00edvel MOQ 100000 PCS Tempo de entrega 30-40 dias Dicas Uso \u00fanico, 100% ecol\u00f3gico e biodegrad\u00e1vel. Multiuso: Mini colher de madeira pode ser usada em uma variedade de [&hellip;]<\/p>\n","protected":false},"featured_media":2002,"template":"","meta":{"_acf_changed":false},"product-category":[33],"class_list":["post-1754","product","type-product","status-publish","has-post-thumbnail","hentry","product-category-outros-madeira"],"acf":[],"_links":{"self":[{"href":"https:\/\/www.carrytableware.com\/pt\/wp-json\/wp\/v2\/product\/1754","targetHints":{"allow":["GET"]}}],"collection":[{"href":"https:\/\/www.carrytableware.com\/pt\/wp-json\/wp\/v2\/product"}],"about":[{"href":"https:\/\/www.carrytableware.com\/pt\/wp-json\/wp\/v2\/types\/product"}],"wp:featuredmedia":[{"embeddable":true,"href":"https:\/\/www.carrytableware.com\/pt\/wp-json\/wp\/v2\/media\/2002"}],"wp:attachment":[{"href":"https:\/\/www.carrytableware.com\/pt\/wp-json\/wp\/v2\/media?parent=1754"}],"wp:term":[{"taxonomy":"product-category","embeddable":true,"href":"https:\/\/www.carrytableware.com\/pt\/wp-json\/wp\/v2\/product-category?post=1754"}],"curies":[{"name":"wp","href":"https:\/\/api.w.org\/{rel}","templated":true}]}}