{"id":1758,"date":"2025-02-17T12:03:45","date_gmt":"2025-02-17T12:03:45","guid":{"rendered":"https:\/\/www.carrytableware.com\/pt\/?post_type=product&#038;p=1758"},"modified":"2025-03-19T06:29:14","modified_gmt":"2025-03-19T06:29:14","slug":"wooden-skewer","status":"publish","type":"product","link":"https:\/\/www.carrytableware.com\/pt\/blog\/product\/wooden-skewer\/","title":{"rendered":"Espeto de madeira"},"content":{"rendered":"<p>Espeto de madeira<br \/>\nMaterial Madeira<br \/>\nCor Natural<br \/>\nTamanho 5*300mm ou personalizado<br \/>\nEmbalagem a granel\/OPP\/caixa<br \/>\nCaracter\u00edsticas Ecol\u00f3gico, compost\u00e1vel<br \/>\nPeso com base no tamanho<br \/>\nOEM\/ODM dispon\u00edvel<br \/>\nMOQ 100000 PCS<br \/>\nTempo de entrega 30-40 dias<br \/>\nDicas Uso \u00fanico, 100% ecol\u00f3gico e biodegrad\u00e1vel.<br \/>\nEspetos de madeira 100% naturais e ecol\u00f3gicos.<br \/>\nAdequado para cozinha. Piqueniques de acampamento, churrascos, casamentos, reuni\u00f5es familiares e a melhor escolha dos amigos.<br \/>\nUsado para aperitivos, sandu\u00edches, salada de frutas, decora\u00e7\u00e3o de bolos, toppers de cupcake, fondue, fonte de chocolate etc.<\/p>\n","protected":false},"excerpt":{"rendered":"<p>Espeto de madeira Material Madeira Cor Natural Tamanho 5*300mm ou personalizado Embalagem a granel\/OPP\/caixa Caracter\u00edsticas Ecol\u00f3gico, compost\u00e1vel Peso com base no tamanho OEM\/ODM dispon\u00edvel MOQ 100000 PCS Tempo de entrega 30-40 dias Dicas Uso \u00fanico, 100% ecol\u00f3gico e biodegrad\u00e1vel. Espetos de madeira 100% naturais e ecol\u00f3gicos. Adequado para cozinha. Piqueniques de acampamento, churrascos, casamentos, reuni\u00f5es [&hellip;]<\/p>\n","protected":false},"featured_media":1995,"template":"","meta":{"_acf_changed":false},"product-category":[33],"class_list":["post-1758","product","type-product","status-publish","has-post-thumbnail","hentry","product-category-outros-madeira"],"acf":[],"_links":{"self":[{"href":"https:\/\/www.carrytableware.com\/pt\/wp-json\/wp\/v2\/product\/1758","targetHints":{"allow":["GET"]}}],"collection":[{"href":"https:\/\/www.carrytableware.com\/pt\/wp-json\/wp\/v2\/product"}],"about":[{"href":"https:\/\/www.carrytableware.com\/pt\/wp-json\/wp\/v2\/types\/product"}],"wp:featuredmedia":[{"embeddable":true,"href":"https:\/\/www.carrytableware.com\/pt\/wp-json\/wp\/v2\/media\/1995"}],"wp:attachment":[{"href":"https:\/\/www.carrytableware.com\/pt\/wp-json\/wp\/v2\/media?parent=1758"}],"wp:term":[{"taxonomy":"product-category","embeddable":true,"href":"https:\/\/www.carrytableware.com\/pt\/wp-json\/wp\/v2\/product-category?post=1758"}],"curies":[{"name":"wp","href":"https:\/\/api.w.org\/{rel}","templated":true}]}}