{"id":1763,"date":"2025-02-17T12:06:18","date_gmt":"2025-02-17T12:06:18","guid":{"rendered":"https:\/\/www.carrytableware.com\/pt\/?post_type=product&#038;p=1763"},"modified":"2025-03-19T06:28:39","modified_gmt":"2025-03-19T06:28:39","slug":"disposable-wooden-sushi-boat","status":"publish","type":"product","link":"https:\/\/www.carrytableware.com\/pt\/blog\/product\/disposable-wooden-sushi-boat\/","title":{"rendered":"Barco de madeira"},"content":{"rendered":"<p>Barco de Sushi de Madeira Descart\u00e1vel<br \/>\nMaterial Madeira<br \/>\nCor Natural<br \/>\nTamanho 90*60mm 65*42mm 240*110mm 240*125mm 220*110mm 190*100mm 160*90mm 145*85mm 130*80mm 110*70mm ou personalizado<br \/>\nEmbalagem OPP<br \/>\nCaracter\u00edsticas Ecol\u00f3gico, Compost\u00e1vel<br \/>\nPeso Baseado no tamanho<br \/>\nOEM\/ODM Dispon\u00edvel<br \/>\nMOQ 100000 PCS<br \/>\nTempo de Entrega 30-40 Dias<br \/>\nDicas Uso \u00fanico, 100% ecol\u00f3gico e biodegrad\u00e1vel.<br \/>\nMaterial natural: Feito de madeira natural, sem corantes ou corantes, \u00e9 seguro para alimentos e pode ser usado com confian\u00e7a<br \/>\nV\u00e1rias ocasi\u00f5es: Use esses pratos exclusivos e charmosos em forma de barco em casa, restaurantes, bares, hot\u00e9is, etc.<br \/>\nformato: O recipiente para alimentos em forma de barco \u00e9 muito usado para guardar alimentos, com est\u00e9tica<br \/>\nRecipiente para alimentos: Usado para guardar pequenos lanches, como sushi, salm\u00e3o, bolos, saladas, batatas fritas, etc.<br \/>\nDesign descart\u00e1vel: N\u00e3o h\u00e1 necessidade de limpar e manter, basta jog\u00e1-los no lixo ap\u00f3s o uso, economizando tempo e esfor\u00e7o<\/p>\n","protected":false},"excerpt":{"rendered":"<p>Barco de Sushi de Madeira Descart\u00e1vel Material Madeira Cor Natural Tamanho 90*60mm 65*42mm 240*110mm 240*125mm 220*110mm 190*100mm 160*90mm 145*85mm 130*80mm 110*70mm ou personalizado Embalagem OPP Caracter\u00edsticas Ecol\u00f3gico, Compost\u00e1vel Peso Baseado no tamanho OEM\/ODM Dispon\u00edvel MOQ 100000 PCS Tempo de Entrega 30-40 Dias Dicas Uso \u00fanico, 100% ecol\u00f3gico e biodegrad\u00e1vel. Material natural: Feito de madeira natural, [&hellip;]<\/p>\n","protected":false},"featured_media":1992,"template":"","meta":{"_acf_changed":false},"product-category":[33],"class_list":["post-1763","product","type-product","status-publish","has-post-thumbnail","hentry","product-category-outros-madeira"],"acf":[],"_links":{"self":[{"href":"https:\/\/www.carrytableware.com\/pt\/wp-json\/wp\/v2\/product\/1763","targetHints":{"allow":["GET"]}}],"collection":[{"href":"https:\/\/www.carrytableware.com\/pt\/wp-json\/wp\/v2\/product"}],"about":[{"href":"https:\/\/www.carrytableware.com\/pt\/wp-json\/wp\/v2\/types\/product"}],"wp:featuredmedia":[{"embeddable":true,"href":"https:\/\/www.carrytableware.com\/pt\/wp-json\/wp\/v2\/media\/1992"}],"wp:attachment":[{"href":"https:\/\/www.carrytableware.com\/pt\/wp-json\/wp\/v2\/media?parent=1763"}],"wp:term":[{"taxonomy":"product-category","embeddable":true,"href":"https:\/\/www.carrytableware.com\/pt\/wp-json\/wp\/v2\/product-category?post=1763"}],"curies":[{"name":"wp","href":"https:\/\/api.w.org\/{rel}","templated":true}]}}