{"id":1767,"date":"2025-02-17T12:08:18","date_gmt":"2025-02-17T12:08:18","guid":{"rendered":"https:\/\/www.carrytableware.com\/pt\/?post_type=product&#038;p=1767"},"modified":"2025-03-19T06:28:06","modified_gmt":"2025-03-19T06:28:06","slug":"wooden-plates","status":"publish","type":"product","link":"https:\/\/www.carrytableware.com\/pt\/blog\/product\/wooden-plates\/","title":{"rendered":"Prato redondo de madeira"},"content":{"rendered":"<p>Prato redondo de madeira<br \/>\nMaterial Madeira<br \/>\nCor Natural<br \/>\nTamanho 150*150mm 210*210mm ou personalizado<br \/>\nEmbalagem OPP<br \/>\nCaracter\u00edsticas Ecol\u00f3gico, Compost\u00e1vel<br \/>\nPeso com base no tamanho<br \/>\nOEM\/ODM dispon\u00edvel<br \/>\nMOQ 100000 PCS<br \/>\nTempo de entrega 30-40 dias<br \/>\nDicas Uso \u00fanico, 100% ecol\u00f3gico e biodegrad\u00e1vel.<br \/>\nEsses pratos s\u00e3o alternativas bonitas e pr\u00e1ticas aos pratos de papel ou pl\u00e1stico para decora\u00e7\u00e3o de mesa de festa<br \/>\nMaterial seguro: a madeira natural usada para construir esses pratos de aperitivo \u00e9 segura para comer e incrivelmente dur\u00e1vel, ent\u00e3o voc\u00ea pode us\u00e1-los para decorar sua mesa com estilo<br \/>\nTamanho adequado: em eventos de buf\u00ea, nossos pratos de madeira descart\u00e1veis \u200b\u200bs\u00e3o adequados para servir uma ampla variedade de alimentos, incluindo bolos, sushi e aperitivos.<br \/>\nDesign descart\u00e1vel: esses pratos de madeira elegantes s\u00e3o prensados \u200b\u200b\u00e0 m\u00e1quina sem cola. O design descart\u00e1vel n\u00e3o requer manuten\u00e7\u00e3o ou limpeza, basta jog\u00e1-los no lixo quando terminar de us\u00e1-los para economizar tempo e esfor\u00e7o.<\/p>\n","protected":false},"excerpt":{"rendered":"<p>Prato redondo de madeira Material Madeira Cor Natural Tamanho 150*150mm 210*210mm ou personalizado Embalagem OPP Caracter\u00edsticas Ecol\u00f3gico, Compost\u00e1vel Peso com base no tamanho OEM\/ODM dispon\u00edvel MOQ 100000 PCS Tempo de entrega 30-40 dias Dicas Uso \u00fanico, 100% ecol\u00f3gico e biodegrad\u00e1vel. Esses pratos s\u00e3o alternativas bonitas e pr\u00e1ticas aos pratos de papel ou pl\u00e1stico para decora\u00e7\u00e3o [&hellip;]<\/p>\n","protected":false},"featured_media":1985,"template":"","meta":{"_acf_changed":false},"product-category":[31],"class_list":["post-1767","product","type-product","status-publish","has-post-thumbnail","hentry","product-category-talheres-de-madeira"],"acf":[],"_links":{"self":[{"href":"https:\/\/www.carrytableware.com\/pt\/wp-json\/wp\/v2\/product\/1767","targetHints":{"allow":["GET"]}}],"collection":[{"href":"https:\/\/www.carrytableware.com\/pt\/wp-json\/wp\/v2\/product"}],"about":[{"href":"https:\/\/www.carrytableware.com\/pt\/wp-json\/wp\/v2\/types\/product"}],"wp:featuredmedia":[{"embeddable":true,"href":"https:\/\/www.carrytableware.com\/pt\/wp-json\/wp\/v2\/media\/1985"}],"wp:attachment":[{"href":"https:\/\/www.carrytableware.com\/pt\/wp-json\/wp\/v2\/media?parent=1767"}],"wp:term":[{"taxonomy":"product-category","embeddable":true,"href":"https:\/\/www.carrytableware.com\/pt\/wp-json\/wp\/v2\/product-category?post=1767"}],"curies":[{"name":"wp","href":"https:\/\/api.w.org\/{rel}","templated":true}]}}