{"id":1772,"date":"2025-02-17T12:09:16","date_gmt":"2025-02-17T12:09:16","guid":{"rendered":"https:\/\/www.carrytableware.com\/pt\/?post_type=product&#038;p=1772"},"modified":"2025-03-19T06:27:29","modified_gmt":"2025-03-19T06:27:29","slug":"wooden-dessert-cups","status":"publish","type":"product","link":"https:\/\/www.carrytableware.com\/pt\/blog\/product\/wooden-dessert-cups\/","title":{"rendered":"Ta\u00e7a de sobremesa de madeira"},"content":{"rendered":"<p>Copo de sobremesa de madeira<br \/>\nMaterial Madeira<br \/>\nCor Natural<br \/>\nTamanho 6CM ou personalizado<br \/>\nEmbalagem OPP<br \/>\nCaracter\u00edsticas Ecol\u00f3gico, Compost\u00e1vel<br \/>\nPeso com base no tamanho<br \/>\nOEM\/ODM dispon\u00edvel<br \/>\nMOQ 100000 PCS<br \/>\nTempo de entrega 30-40 dias<br \/>\nDicas Uso \u00fanico, 100% ecol\u00f3gico e biodegrad\u00e1vel.<br \/>\nPerfeito para casamento, festas, banquetes, reuni\u00e3o familiar, ch\u00e1 da tarde, etc.<br \/>\nBordas lisas sem rebarbas, n\u00e3o machuca sua pele.<br \/>\nGr\u00e3o de madeira transparente e design simples, adequado para a maioria dos estilos de decora\u00e7\u00e3o de casa.<br \/>\nIdeal para guardar frutas, saladas, lanches, sobremesas, doces e outros alimentos, ou beber leite, \u00e1gua, vinho, etc.<\/p>\n","protected":false},"excerpt":{"rendered":"<p>Copo de sobremesa de madeira Material Madeira Cor Natural Tamanho 6CM ou personalizado Embalagem OPP Caracter\u00edsticas Ecol\u00f3gico, Compost\u00e1vel Peso com base no tamanho OEM\/ODM dispon\u00edvel MOQ 100000 PCS Tempo de entrega 30-40 dias Dicas Uso \u00fanico, 100% ecol\u00f3gico e biodegrad\u00e1vel. Perfeito para casamento, festas, banquetes, reuni\u00e3o familiar, ch\u00e1 da tarde, etc. Bordas lisas sem rebarbas, [&hellip;]<\/p>\n","protected":false},"featured_media":1983,"template":"","meta":{"_acf_changed":false},"product-category":[33],"class_list":["post-1772","product","type-product","status-publish","has-post-thumbnail","hentry","product-category-outros-madeira"],"acf":[],"_links":{"self":[{"href":"https:\/\/www.carrytableware.com\/pt\/wp-json\/wp\/v2\/product\/1772","targetHints":{"allow":["GET"]}}],"collection":[{"href":"https:\/\/www.carrytableware.com\/pt\/wp-json\/wp\/v2\/product"}],"about":[{"href":"https:\/\/www.carrytableware.com\/pt\/wp-json\/wp\/v2\/types\/product"}],"wp:featuredmedia":[{"embeddable":true,"href":"https:\/\/www.carrytableware.com\/pt\/wp-json\/wp\/v2\/media\/1983"}],"wp:attachment":[{"href":"https:\/\/www.carrytableware.com\/pt\/wp-json\/wp\/v2\/media?parent=1772"}],"wp:term":[{"taxonomy":"product-category","embeddable":true,"href":"https:\/\/www.carrytableware.com\/pt\/wp-json\/wp\/v2\/product-category?post=1772"}],"curies":[{"name":"wp","href":"https:\/\/api.w.org\/{rel}","templated":true}]}}