{"id":1774,"date":"2025-02-17T12:11:32","date_gmt":"2025-02-17T12:11:32","guid":{"rendered":"https:\/\/www.carrytableware.com\/pt\/?post_type=product&#038;p=1774"},"modified":"2025-03-19T06:26:46","modified_gmt":"2025-03-19T06:26:46","slug":"wooden-tasting-cones","status":"publish","type":"product","link":"https:\/\/www.carrytableware.com\/pt\/blog\/product\/wooden-tasting-cones\/","title":{"rendered":"Cone de degusta\u00e7\u00e3o de madeira"},"content":{"rendered":"<p>Cone de degusta\u00e7\u00e3o de madeira<br \/>\nMaterial Madeira<br \/>\nCor Natural<br \/>\nTamanho 50*125mm 60*155mm 70*180mm 100*240mm ou personalizado<br \/>\nEmbalagem OPP<br \/>\nCaracter\u00edsticas Ecol\u00f3gico, Compost\u00e1vel<br \/>\nPeso Baseado no tamanho<br \/>\nOEM\/ODM Dispon\u00edvel<br \/>\nMOQ 100000 PCS<br \/>\nTempo de entrega 30-40 dias<br \/>\nDicas Uso \u00fanico, 100% ecol\u00f3gico e biodegrad\u00e1vel.<br \/>\ncones de aperitivos feitos de material de madeira, estrutura simples, f\u00e1cil de usar e f\u00e1cil de segurar alimentos. O acabamento \u00e9 bom e a interface firmemente conectada pode embrulhar bem os alimentos. Pode ser para embrulhar e colocar sobremesas, sorvetes, doces e outros lanches.<\/p>\n","protected":false},"excerpt":{"rendered":"<p>Cone de degusta\u00e7\u00e3o de madeira Material Madeira Cor Natural Tamanho 50*125mm 60*155mm 70*180mm 100*240mm ou personalizado Embalagem OPP Caracter\u00edsticas Ecol\u00f3gico, Compost\u00e1vel Peso Baseado no tamanho OEM\/ODM Dispon\u00edvel MOQ 100000 PCS Tempo de entrega 30-40 dias Dicas Uso \u00fanico, 100% ecol\u00f3gico e biodegrad\u00e1vel. cones de aperitivos feitos de material de madeira, estrutura simples, f\u00e1cil de usar [&hellip;]<\/p>\n","protected":false},"featured_media":1978,"template":"","meta":{"_acf_changed":false},"product-category":[33],"class_list":["post-1774","product","type-product","status-publish","has-post-thumbnail","hentry","product-category-outros-madeira"],"acf":[],"_links":{"self":[{"href":"https:\/\/www.carrytableware.com\/pt\/wp-json\/wp\/v2\/product\/1774","targetHints":{"allow":["GET"]}}],"collection":[{"href":"https:\/\/www.carrytableware.com\/pt\/wp-json\/wp\/v2\/product"}],"about":[{"href":"https:\/\/www.carrytableware.com\/pt\/wp-json\/wp\/v2\/types\/product"}],"wp:featuredmedia":[{"embeddable":true,"href":"https:\/\/www.carrytableware.com\/pt\/wp-json\/wp\/v2\/media\/1978"}],"wp:attachment":[{"href":"https:\/\/www.carrytableware.com\/pt\/wp-json\/wp\/v2\/media?parent=1774"}],"wp:term":[{"taxonomy":"product-category","embeddable":true,"href":"https:\/\/www.carrytableware.com\/pt\/wp-json\/wp\/v2\/product-category?post=1774"}],"curies":[{"name":"wp","href":"https:\/\/api.w.org\/{rel}","templated":true}]}}