{"id":1784,"date":"2025-02-17T12:19:15","date_gmt":"2025-02-17T12:19:15","guid":{"rendered":"https:\/\/www.carrytableware.com\/pt\/?post_type=product&#038;p=1784"},"modified":"2025-03-19T06:25:12","modified_gmt":"2025-03-19T06:25:12","slug":"kraft-paper-takeout-box","status":"publish","type":"product","link":"https:\/\/www.carrytableware.com\/pt\/blog\/product\/kraft-paper-takeout-box\/","title":{"rendered":"Caixa de papel Kraft para viagem"},"content":{"rendered":"<p>Caixa de papel Kraft para viagem<br \/>\nMaterial Papel<br \/>\nCor Natural<br \/>\nTamanho 750ml 1000ml 1300ml 1450ml 1900ml ou personalizado<br \/>\nEmbalagem a granel<br \/>\nCaracter\u00edsticas Ecol\u00f3gico, compost\u00e1vel<br \/>\nPeso com base no tamanho<br \/>\nOEM\/ODM dispon\u00edvel<br \/>\nMOQ 40000 PCS<br \/>\nTempo de entrega 30-40 dias<br \/>\nDicas Uso \u00fanico, 100% ecol\u00f3gico e biodegrad\u00e1vel.<\/p>\n<p>Mantenha os alimentos frescos por mais tempo: as caixas Kraft Brown para viagem s\u00e3o perfeitas para manter seus alimentos frescos, bem como para refrigerar e aquecer no micro-ondas comida para viagem ou sobras. Elas tamb\u00e9m s\u00e3o uma alternativa ecol\u00f3gica \u00e0s lancheiras.<br \/>\nDesign tolerante ao calor e \u00e0 prova de vazamentos: essas caixas grandes foram especialmente projetadas para armazenar alimentos gordurosos sem que l\u00edquidos vazem. Suas refei\u00e7\u00f5es ser\u00e3o embaladas com seguran\u00e7a nesses recipientes para viagem de tamanho de viagem. Eles tamb\u00e9m podem ser micro-ondas.<br \/>\nPerfeito para servi\u00e7os de buffet: n\u00e3o importa se voc\u00ea est\u00e1 organizando uma festa ou administrando um neg\u00f3cio de servi\u00e7o de alimenta\u00e7\u00e3o, esses recipientes s\u00e3o perfeitos para servir pratos frios e quentes.<\/p>\n","protected":false},"excerpt":{"rendered":"<p>Caixa de papel Kraft para viagem Material Papel Cor Natural Tamanho 750ml 1000ml 1300ml 1450ml 1900ml ou personalizado Embalagem a granel Caracter\u00edsticas Ecol\u00f3gico, compost\u00e1vel Peso com base no tamanho OEM\/ODM dispon\u00edvel MOQ 40000 PCS Tempo de entrega 30-40 dias Dicas Uso \u00fanico, 100% ecol\u00f3gico e biodegrad\u00e1vel. Mantenha os alimentos frescos por mais tempo: as caixas [&hellip;]<\/p>\n","protected":false},"featured_media":1969,"template":"","meta":{"_acf_changed":false},"product-category":[36],"class_list":["post-1784","product","type-product","status-publish","has-post-thumbnail","hentry","product-category-papel-papel"],"acf":[],"_links":{"self":[{"href":"https:\/\/www.carrytableware.com\/pt\/wp-json\/wp\/v2\/product\/1784","targetHints":{"allow":["GET"]}}],"collection":[{"href":"https:\/\/www.carrytableware.com\/pt\/wp-json\/wp\/v2\/product"}],"about":[{"href":"https:\/\/www.carrytableware.com\/pt\/wp-json\/wp\/v2\/types\/product"}],"wp:featuredmedia":[{"embeddable":true,"href":"https:\/\/www.carrytableware.com\/pt\/wp-json\/wp\/v2\/media\/1969"}],"wp:attachment":[{"href":"https:\/\/www.carrytableware.com\/pt\/wp-json\/wp\/v2\/media?parent=1784"}],"wp:term":[{"taxonomy":"product-category","embeddable":true,"href":"https:\/\/www.carrytableware.com\/pt\/wp-json\/wp\/v2\/product-category?post=1784"}],"curies":[{"name":"wp","href":"https:\/\/api.w.org\/{rel}","templated":true}]}}