{"id":1788,"date":"2025-02-17T12:20:43","date_gmt":"2025-02-17T12:20:43","guid":{"rendered":"https:\/\/www.carrytableware.com\/pt\/?post_type=product&#038;p=1788"},"modified":"2025-03-19T06:24:21","modified_gmt":"2025-03-19T06:24:21","slug":"kraft-paper-bowl","status":"publish","type":"product","link":"https:\/\/www.carrytableware.com\/pt\/blog\/product\/kraft-paper-bowl\/","title":{"rendered":"Tigela de papel Kraft"},"content":{"rendered":"<p>Tigela de papel Kraft<br \/>\nMaterial Papel<br \/>\nCor Natural<br \/>\nTamanho 500ml 750ml 880ml 1000ml 1100ml 1300ml 1450ml ou personalizado<br \/>\nEmbalagem a granel<br \/>\nCaracter\u00edsticas Ecol\u00f3gico, compost\u00e1vel<br \/>\nPeso com base no tamanho<br \/>\nOEM\/ODM dispon\u00edvel<br \/>\nMOQ 40000 PCS<br \/>\nTempo de entrega 30-40 dias<br \/>\nDicas Uso \u00fanico, 100% ecol\u00f3gico e biodegrad\u00e1vel.<\/p>\n<p>Tamanho perfeito: adequado para dieta di\u00e1ria, como salada, bife, espaguete. Resistente e dur\u00e1vel, usado bem de muitas maneiras, como festa, piquenique, churrasco, acampamento, lanche noturno.<br \/>\nSeguro para micro-ondas e freezer: Nossas tigelas s\u00e3o seguras para alimentos quentes e frios. Elas s\u00e3o seguras para serem colocadas no micro-ondas e at\u00e9 mesmo no freezer. Tigelas de prepara\u00e7\u00e3o antecipada de refei\u00e7\u00f5es, controle de por\u00e7\u00f5es de dieta, refei\u00e7\u00f5es saud\u00e1veis \u200b\u200be nutritivas e refei\u00e7\u00f5es para viagem s\u00e3o super convenientes.<\/p>\n","protected":false},"excerpt":{"rendered":"<p>Tigela de papel Kraft Material Papel Cor Natural Tamanho 500ml 750ml 880ml 1000ml 1100ml 1300ml 1450ml ou personalizado Embalagem a granel Caracter\u00edsticas Ecol\u00f3gico, compost\u00e1vel Peso com base no tamanho OEM\/ODM dispon\u00edvel MOQ 40000 PCS Tempo de entrega 30-40 dias Dicas Uso \u00fanico, 100% ecol\u00f3gico e biodegrad\u00e1vel. Tamanho perfeito: adequado para dieta di\u00e1ria, como salada, bife, [&hellip;]<\/p>\n","protected":false},"featured_media":1966,"template":"","meta":{"_acf_changed":false},"product-category":[36],"class_list":["post-1788","product","type-product","status-publish","has-post-thumbnail","hentry","product-category-papel-papel"],"acf":[],"_links":{"self":[{"href":"https:\/\/www.carrytableware.com\/pt\/wp-json\/wp\/v2\/product\/1788","targetHints":{"allow":["GET"]}}],"collection":[{"href":"https:\/\/www.carrytableware.com\/pt\/wp-json\/wp\/v2\/product"}],"about":[{"href":"https:\/\/www.carrytableware.com\/pt\/wp-json\/wp\/v2\/types\/product"}],"wp:featuredmedia":[{"embeddable":true,"href":"https:\/\/www.carrytableware.com\/pt\/wp-json\/wp\/v2\/media\/1966"}],"wp:attachment":[{"href":"https:\/\/www.carrytableware.com\/pt\/wp-json\/wp\/v2\/media?parent=1788"}],"wp:term":[{"taxonomy":"product-category","embeddable":true,"href":"https:\/\/www.carrytableware.com\/pt\/wp-json\/wp\/v2\/product-category?post=1788"}],"curies":[{"name":"wp","href":"https:\/\/api.w.org\/{rel}","templated":true}]}}