{"id":1791,"date":"2025-02-17T12:22:38","date_gmt":"2025-02-17T12:22:38","guid":{"rendered":"https:\/\/www.carrytableware.com\/pt\/?post_type=product&#038;p=1791"},"modified":"2025-03-19T06:19:47","modified_gmt":"2025-03-19T06:19:47","slug":"kraft-paper-boat","status":"publish","type":"product","link":"https:\/\/www.carrytableware.com\/pt\/blog\/product\/kraft-paper-boat\/","title":{"rendered":"Barco de papel kraft"},"content":{"rendered":"<p>Barco de papel Kraft<br \/>\nMaterial Papel<br \/>\nCor Natural<br \/>\nTamanho 57*96*170mm 50*85*137mm 47*80*121mm 43*67*110mm 40*61*100mm 33*50*85mm 28*48*76mm ou personalizado<br \/>\nEmbalagem a granel<br \/>\nCaracter\u00edsticas Ecol\u00f3gico, compost\u00e1vel<br \/>\nPeso com base no tamanho<br \/>\nOEM\/ODM dispon\u00edvel<br \/>\nMOQ 40000 PCS<br \/>\nTempo de entrega 30-40 dias<br \/>\nDicas Uso \u00fanico, 100% ecol\u00f3gico e biodegrad\u00e1vel.<\/p>\n<p>O barco de papel Kraft \u00e9 ideal para nachos, sandu\u00edches, hamb\u00fargueres, batatas fritas, saladas, frutas e muito mais<br \/>\nMaterial confi\u00e1vel: nossas bandejas de comida s\u00e3o feitas de papel kraft de 270 g\/m\u00b2 de qualidade alimentar, que \u00e9 grosso, resistente, n\u00e3o rasga facilmente e pode ser usado no micro-ondas<br \/>\nResistente \u00e0 gordura: o interior desses barcos de papel para comida \u00e9 revestido com filme PE de 20 g\/m\u00b2 de qualidade alimentar, que tem boa resist\u00eancia \u00e0 \u00e1gua e ao \u00f3leo, permitindo que voc\u00ea aproveite a comida sem se preocupar com manchas de \u00f3leo<br \/>\nF\u00e1cil descarte: esses barcos de papel descart\u00e1veis \u200b\u200bs\u00e3o uma alternativa melhor \u00e0s bandejas de pl\u00e1stico comuns para comida. N\u00e3o se preocupe mais com limpeza tediosa, use uma vez e jogue fora sem medo de polui\u00e7\u00e3o<br \/>\nAmplo uso: \u00f3timas bandejas para servir comida para festas, noites de cinema, barracas de concess\u00e3o, piqueniques, churrascos, carnavais, cinemas, restaurantes, bares, etc.<\/p>\n","protected":false},"excerpt":{"rendered":"<p>Barco de papel Kraft Material Papel Cor Natural Tamanho 57*96*170mm 50*85*137mm 47*80*121mm 43*67*110mm 40*61*100mm 33*50*85mm 28*48*76mm ou personalizado Embalagem a granel Caracter\u00edsticas Ecol\u00f3gico, compost\u00e1vel Peso com base no tamanho OEM\/ODM dispon\u00edvel MOQ 40000 PCS Tempo de entrega 30-40 dias Dicas Uso \u00fanico, 100% ecol\u00f3gico e biodegrad\u00e1vel. O barco de papel Kraft \u00e9 ideal para nachos, [&hellip;]<\/p>\n","protected":false},"featured_media":1959,"template":"","meta":{"_acf_changed":false},"product-category":[36],"class_list":["post-1791","product","type-product","status-publish","has-post-thumbnail","hentry","product-category-papel-papel"],"acf":[],"_links":{"self":[{"href":"https:\/\/www.carrytableware.com\/pt\/wp-json\/wp\/v2\/product\/1791","targetHints":{"allow":["GET"]}}],"collection":[{"href":"https:\/\/www.carrytableware.com\/pt\/wp-json\/wp\/v2\/product"}],"about":[{"href":"https:\/\/www.carrytableware.com\/pt\/wp-json\/wp\/v2\/types\/product"}],"wp:featuredmedia":[{"embeddable":true,"href":"https:\/\/www.carrytableware.com\/pt\/wp-json\/wp\/v2\/media\/1959"}],"wp:attachment":[{"href":"https:\/\/www.carrytableware.com\/pt\/wp-json\/wp\/v2\/media?parent=1791"}],"wp:term":[{"taxonomy":"product-category","embeddable":true,"href":"https:\/\/www.carrytableware.com\/pt\/wp-json\/wp\/v2\/product-category?post=1791"}],"curies":[{"name":"wp","href":"https:\/\/api.w.org\/{rel}","templated":true}]}}