{"id":1796,"date":"2025-02-17T12:23:57","date_gmt":"2025-02-17T12:23:57","guid":{"rendered":"https:\/\/www.carrytableware.com\/pt\/?post_type=product&#038;p=1796"},"modified":"2025-03-19T06:18:19","modified_gmt":"2025-03-19T06:18:19","slug":"kraft-paper-plates","status":"publish","type":"product","link":"https:\/\/www.carrytableware.com\/pt\/blog\/product\/kraft-paper-plates\/","title":{"rendered":"Pratos de papel"},"content":{"rendered":"<p>Prato de papel Kraft<br \/>\nMaterial Papel<br \/>\nCor Natural<br \/>\nTamanho 2*20*16,7 cm 2,5*24,7*17,4 cm ou personalizado<br \/>\nEmbalagem a granel<br \/>\nCaracter\u00edsticas Ecol\u00f3gico, compost\u00e1vel<br \/>\nPeso com base no tamanho<br \/>\nOEM\/ODM dispon\u00edvel<br \/>\nMOQ 40000 PCS<br \/>\nTempo de entrega 30-40 dias<br \/>\nDicas Uso \u00fanico, 100% ecol\u00f3gico e biodegrad\u00e1vel.<\/p>\n<p>Feitos de papel kraft natural espesso, nossos pratos de papel kraft s\u00e3o biodegrad\u00e1veis \u200b\u200be compost\u00e1veis, tornando-os uma alternativa ambientalmente respons\u00e1vel aos pratos descart\u00e1veis \u200b\u200btradicionais.<\/p>\n<p>Com uma ampla variedade de tamanhos e estilos dispon\u00edveis, nossos pratos de papel kraft s\u00e3o perfeitos para servir refei\u00e7\u00f5es em festas, piqueniques, churrascos e outros eventos.<\/p>\n<p>Eles s\u00e3o resistentes e dur\u00e1veis, capazes de conter uma variedade de alimentos sem dobrar ou vazar. Al\u00e9m disso, eles s\u00e3o seguros para micro-ondas e freezer, tornando-os vers\u00e1teis para todas as suas necessidades de armazenamento de alimentos.<\/p>\n","protected":false},"excerpt":{"rendered":"<p>Prato de papel Kraft Material Papel Cor Natural Tamanho 2*20*16,7 cm 2,5*24,7*17,4 cm ou personalizado Embalagem a granel Caracter\u00edsticas Ecol\u00f3gico, compost\u00e1vel Peso com base no tamanho OEM\/ODM dispon\u00edvel MOQ 40000 PCS Tempo de entrega 30-40 dias Dicas Uso \u00fanico, 100% ecol\u00f3gico e biodegrad\u00e1vel. Feitos de papel kraft natural espesso, nossos pratos de papel kraft s\u00e3o [&hellip;]<\/p>\n","protected":false},"featured_media":1958,"template":"","meta":{"_acf_changed":false},"product-category":[36],"class_list":["post-1796","product","type-product","status-publish","has-post-thumbnail","hentry","product-category-papel-papel"],"acf":[],"_links":{"self":[{"href":"https:\/\/www.carrytableware.com\/pt\/wp-json\/wp\/v2\/product\/1796","targetHints":{"allow":["GET"]}}],"collection":[{"href":"https:\/\/www.carrytableware.com\/pt\/wp-json\/wp\/v2\/product"}],"about":[{"href":"https:\/\/www.carrytableware.com\/pt\/wp-json\/wp\/v2\/types\/product"}],"wp:featuredmedia":[{"embeddable":true,"href":"https:\/\/www.carrytableware.com\/pt\/wp-json\/wp\/v2\/media\/1958"}],"wp:attachment":[{"href":"https:\/\/www.carrytableware.com\/pt\/wp-json\/wp\/v2\/media?parent=1796"}],"wp:term":[{"taxonomy":"product-category","embeddable":true,"href":"https:\/\/www.carrytableware.com\/pt\/wp-json\/wp\/v2\/product-category?post=1796"}],"curies":[{"name":"wp","href":"https:\/\/api.w.org\/{rel}","templated":true}]}}